{"id":3,"date":"2021-09-16T13:52:07","date_gmt":"2021-09-16T16:52:07","guid":{"rendered":"https:\/\/www.drpen.cl\/?page_id=3"},"modified":"2021-10-12T17:23:36","modified_gmt":"2021-10-12T20:23:36","slug":"politica-de-privacidad","status":"publish","type":"page","link":"https:\/\/www.drpen.cl\/index.php\/politica-de-privacidad\/","title":{"rendered":"Pol\u00edticas de Privacidad"},"content":{"rendered":"<p><strong>Pol\u00edtica de Privacidad<\/strong><\/p>\n<p>www.drpen.cl se reserva el derecho de modificar en cualquier tiempo la presente Pol\u00edtica de Privacidad para adaptarla a novedades legislativas, doctrinales, jurisprudenciales, pr\u00e1cticas de la industria o pol\u00edticas comerciales de South Medical Ltda. En dichos supuestos, www.drpen.cl anunciar\u00e1 en este sitio web, los cambios introducidos con antelaci\u00f3n a su puesta en pr\u00e1ctica. El hecho de continuar utilizando el sitio web despu\u00e9s de haberse consignado cualesquiera cambios de esta Pol\u00edtica de Privacidad significar\u00e1 que usted ha aceptado tales cambios.<\/p>\n<p>Si tiene alguna pregunta relativa a nuestras pr\u00e1cticas de privacidad puede ponerse en contacto con nosotros a trav\u00e9s del men\u00fa Contacto que se encuentra en https:\/\/www.drpen.cl\/index.php\/contact-us\/<\/p>\n<p>Investigaremos inmediatamente cualquier queja que pueda usted tener en relaci\u00f3n con nuestra Pol\u00edtica de Privacidad o la utilizaci\u00f3n por nuestra parte de su Informaci\u00f3n Personal.<\/p>\n<p><strong>General:<\/strong><\/p>\n<p>Respetamos la privacidad de todos los individuos que visitan nuestro sitio web. Esta Pol\u00edtica de Privacidad refleja la informaci\u00f3n que recogemos y c\u00f3mo utilizaremos dicha informaci\u00f3n. Deseamos proporcionarle el m\u00e1ximo control a su alcance sobre la informaci\u00f3n que le identifica a usted personalmente. Cuando usted lo solicite:<\/p>\n<ul>\n<li>Le permitiremos acceder a su informaci\u00f3n personal;<\/li>\n<li>Retiraremos su Informaci\u00f3n Personal de nuestra base de datos; y,<\/li>\n<li>Corregiremos la Informaci\u00f3n Personal que usted haya manifestado ser err\u00f3nea. <strong>Esta pol\u00edtica de privacidad no aplica hacia otros sitios web que se pueden acceder a trav\u00e9s de v\u00ednculos en el sitio web de www.drpen.cl.<\/strong><\/li>\n<\/ul>\n<p><strong>Informaci\u00f3n Personal<\/strong><\/p>\n<p>Cuando usted visite nuestro sitio web, no recogeremos ninguna Informaci\u00f3n Personal sobre usted (como su nombre, direcci\u00f3n, n\u00famero de tel\u00e9fono, n\u00famero de identificaci\u00f3n, informaci\u00f3n relativa a facturaci\u00f3n y env\u00edo o direcci\u00f3n de correo electr\u00f3nico) a menos que usted decida registrarse para poder realizar compras online en nuestra tienda virtual. Si este fuera el caso en ning\u00fan momento se le solicitar\u00e1 los datos de sus tarjetas bancarias para su almacenamiento. Los datos relativos al pago online (RUT, N\u00famero de tarjetas, c\u00f3digos de la tarjeta de cr\u00e9dito o d\u00e9bito) ser\u00e1n solicitados y manejados de manera confidencial a trav\u00e9s de nuestro proveedor de pasarela de pago, la empresa FLOW S.A. bajo una plataforma segura.<\/p>\n<p>Utilizando nuestro sitio web, usted acepta y se compromete a aceptar los t\u00e9rminos y condiciones de nuestra actual Pol\u00edtica de Privacidad tal como se explica en esta secci\u00f3n del sitio web. Si usted no acepta los t\u00e9rminos y condiciones de esta Pol\u00edtica de Privacidad, le rogamos que no suministre ning\u00fan dato de car\u00e1cter personal a trav\u00e9s de este sitio web.<\/p>\n<p><strong>Tratamiento o de los datos de car\u00e1cter personal<\/strong><\/p>\n<p>Proporcionamos a los usuarios los recursos t\u00e9cnicos adecuados para que, con car\u00e1cter previo, puedan acceder a esta Pol\u00edtica de Privacidad y puedan dar su consentimiento a fin de que www.drpen.cl proceda al tratamiento automatizado de sus datos personales. En cuanto a los formularios electr\u00f3nicos de recogida de datos del sitio web o fanpage de facebook, salvo en los campos en que se indique lo contrario, las respuestas a las preguntas sobre datos personales son voluntarias, sin que la falta de contestaci\u00f3n implique una disminuci\u00f3n en la calidad o cantidad de los servicios correspondientes, a menos que se indique otra cosa.<\/p>\n<p>Cuando usted nos suministre voluntariamente datos de car\u00e1cter personal, nos est\u00e1 autorizando para utilizar dicha Informaci\u00f3n Personal de acuerdo con los t\u00e9rminos y condiciones de nuestra Pol\u00edtica de Privacidad.<\/p>\n<p>El usuario garantiza que los datos personales facilitados son veraces y se hace responsable de comunicar a \u00e9sta cualquier modificaci\u00f3n en los mismos.<\/p>\n<p>Podemos guardar y procesar sus datos personales para entender mejor sus necesidades y el modo en el que podemos mejorar nuestros productos y servicios, y podemos utilizar su informaci\u00f3n personal para tomar contacto con usted, por ejemplo, para personalizar la informaci\u00f3n de los productos o servicios que le ofrezcamos, para poder enviarles materiales de marketing o promoci\u00f3n o para poder responder a sus comentarios o solicitudes de informaci\u00f3n. En todo caso, www.drpen.cl no vende, arrienda ni cede a ning\u00fan t\u00edtulo oneroso informaci\u00f3n personal.<\/p>\n<p>Cualquier cambio en esta Pol\u00edtica de Privacidad ser\u00e1 publicado en esta web page. Esto le permite conocer en cualquier momento qu\u00e9 informaci\u00f3n estamos guardando y c\u00f3mo recolectamos y usamos dicha informaci\u00f3n.<\/p>\n<p><strong>Seguridad<\/strong><\/p>\n<p>www.drpen.cl se compromete a tratar su Informaci\u00f3n Personal con privacidad, confidencialidad y seguridad y a proteger sus datos personales mediante todos los medios t\u00e9cnicos a su alcance de la p\u00e9rdida, mal uso, acceso no autorizado, alteraci\u00f3n y destrucci\u00f3n.<\/p>\n<p>Empresas externas que tengan acceso a sus datos personales en relaci\u00f3n con los servicios prestados a www.drpen.cl estar\u00e1n obligados a mantener la informaci\u00f3n confidencial y no tendr\u00e1n permiso para utilizar esta informaci\u00f3n para cualquier otra finalidad que no sea desempe\u00f1ar los servicios que est\u00e1n realizando para www.drpen.cl Al proporcionarnos su informaci\u00f3n, usted acepta que las referidas empresas externas puedan tener acceso a sus datos personales en raz\u00f3n de los servicios que estas empresas prestan a www.drpen.cl. En algunos casos, ser\u00e1 necesario que transfiramos sus consultas a compa\u00f1\u00edas aliadas. Tambi\u00e9n en estos casos sus datos ser\u00e1n tratados de manera confidencial. www.drpen.cl podr\u00eda llegar a revelar datos personales si fuese debidamente requerido por ley, tribunal o autoridad competente.<\/p>\n<p><strong>Menores<\/strong><\/p>\n<p>www.drpen.cl pide a los padres o tutores que informen a los menores de edad acerca del uso responsable y seguro de sus datos de car\u00e1cter personal cuando participen en actividades on-line.<\/p>\n<p>No tenemos intenci\u00f3n de recoger Informaci\u00f3n Personal de menores de 18 a\u00f1os. Cuando sea necesario, daremos instrucciones espec\u00edficas a los menores para que no proporcionen datos de car\u00e1cter personal en nuestros anuncios o sitios web.<\/p>\n<p>Si el menor nos ha proporcionado datos de car\u00e1cter personal, el padre o tutor del menor deber\u00e1 ponerse en contacto con nosotros a trav\u00e9s de nuestra direcci\u00f3n postal detallada en esta Pol\u00edtica de Privacidad si desea que cancelemos dicha informaci\u00f3n de nuestros registros. Dedicaremos todos los esfuerzos razonables a nuestro alcance a fin de cancelar la informaci\u00f3n del menor de nuestras bases de datos.<\/p>\n<p><strong>Informaci\u00f3n no personal recogida autom\u00e1ticamente<\/strong><\/p>\n<p>Nuestro servicio web recoge autom\u00e1ticamente determinada informaci\u00f3n no personal sobre el uso de nuestro sitio web que se almacena en nuestros servidores para fines exclusivamente internos, como pueden ser facilitar su visita a nuestro sitio web, mejorar su experiencia on-line o para finalidades estad\u00edsticas de acceso.<\/p>\n<p>Ejemplos de este tipo de informaci\u00f3n no personal incluyen el nombre de su proveedor de servicios de Internet, el tipo de navegador de Internet o el sistema operativo utilizado por usted y el nombre de dominio del sitio web desde el cual ha llegado a nuestro sitio o anuncio.<\/p>\n<p>En caso de cesi\u00f3n de datos a un proveedor de servicios externo, se aplicar\u00e1n las medidas t\u00e9cnicas y organizativas a fin de garantizar una cesi\u00f3n conforme a las disposiciones en materia de protecci\u00f3n de datos.<\/p>\n<p>Cuando usted ve una de nuestras p\u00e1ginas web, podemos almacenar cierta informaci\u00f3n en su computador en forma de &#8220;cookie&#8221; o similar que nos ayudar\u00e1 en diversas formas, como por ejemplo, permitirnos adecuar una p\u00e1gina web o anuncio a sus intereses y preferencia. En la mayor\u00eda de navegadores de Internet usted puede eliminar las &#8220;cookies&#8221; del disco duro de su computador, bloquear todas las &#8220;cookies&#8221; o recibir un aviso antes de que se instale una &#8220;cookie&#8221;. Por favor, consulte las instrucciones de su navegador o la pantalla de ayuda para saber m\u00e1s sobre el funcionamiento de estas funciones.<\/p>\n<p><strong>Seguimiento web<\/strong><\/p>\n<p>Con el uso de tecnolog\u00eda Google Analytics, este sitio web recopila y almacena datos para fines de marketing y optimizaci\u00f3n. Estos datos se pueden utilizar para crear seud\u00f3nimos de perfiles de usuarios. Las cookies se podr\u00edan establecer.<\/p>\n<p>Sin el consentimiento expl\u00edcito de nuestros usuarios, los datos recogidos con la tecnolog\u00eda Google Analytics no se utilizan para identificar un visitante personalmente y no se a\u00f1adir\u00e1n a otros datos personales sobre el titular del seud\u00f3nimo.<\/p>\n<p><strong>El uso de complementos de redes sociales<\/strong><\/p>\n<p>Los complementos (\u201cplug-ins\u201d) de las redes sociales pueden ser incorporados en nuestras p\u00e1ginas web. Los servicios asociados provienen respectivamente de las compa\u00f1\u00edas Facebook Inc., Twitter Inc. Instagran y Google (o en adelante \u201cproveedores\u201d).<\/p>\n<p>Para mejorar la protecci\u00f3n de sus datos, cuando visite nuestras p\u00e1ginas web estos complementos se implementan como botones sociales. Esta forma de integraci\u00f3n asegura que, al acceder a una de las p\u00e1ginas que contienen estos complementos, el usuario no se conecta de forma autom\u00e1tica a los servidores de los proveedores. S\u00f3lo con la activaci\u00f3n de los complementos el navegador crear\u00e1 un enlace directo a los servidores de los proveedores. El contenido de varios complementos se transmite entonces desde el respectivo proveedor directamente al navegador del usuario y posteriormente aparecer\u00e1 en la pantalla.<\/p>\n<p>Los complementos informan al proveedor de las p\u00e1ginas que ha visitado el usuario. Cuando se navega por nuestra web, conectado con el nombre de usuario de cada red social, el proveedor puede visualizar los intereses del usuario, es decir la informaci\u00f3n que est\u00e1 visitando.<\/p>\n<p>Haciendo uso de estas opciones (por ejemplo, hacer un \u201cme gusta\u201d o escribir un comentario), esta informaci\u00f3n tambi\u00e9n se transmitir\u00e1 a su cuenta de usuario en los servidores del proveedor.<\/p>\n<p>Informaci\u00f3n adicional sobre la recogida y uso de estos datos que hagan los proveedores, as\u00ed como los derechos y posibilidades disponibles para proteger su privacidad en este contexto se puede encontrar en la informaci\u00f3n de protecci\u00f3n de datos de estas empresas de servicio:<\/p>\n<p>* Protecci\u00f3n de datos\/ privacidad de Facebook: http:\/\/www.facebook.com\/policy.php<\/p>\n<p>* Protecci\u00f3n de datos\/ privacidad de Twitter: https:\/\/twitter.com\/privacy<\/p>\n<p>* Protecci\u00f3n de datos\/privacidad de Instagram: https:\/\/help.instagram.com\/155833707900388<\/p>\n<p>* Protecci\u00f3n de datos\/privacidad de Google\/Youtube: https:\/\/www.google.es\/intl\/es\/policies\/privacy\/<\/p>\n<p>Para evitar que los proveedores puedan relacionar la visita a nuestras p\u00e1ginas con su cuenta de usuario debe desconectar su cuenta de usuario antes de visitar nuestra web.<\/p>\n","protected":false},"excerpt":{"rendered":"<p>Pol\u00edtica de Privacidad www.drpen.cl se reserva el derecho de modificar en cualquier tiempo la presente Pol\u00edtica de Privacidad para adaptarla<\/p>\n","protected":false},"author":5,"featured_media":0,"parent":0,"menu_order":0,"comment_status":"closed","ping_status":"open","template":"","meta":{"footnotes":""},"class_list":["post-3","page","type-page","status-publish","hentry"],"yoast_head":"<!-- This site is optimized with the Yoast SEO plugin v27.5 - https:\/\/yoast.com\/product\/yoast-seo-wordpress\/ -->\n<title>Pol\u00edticas de Privacidad - Dr Pen Chile<\/title>\n<meta name=\"robots\" content=\"index, follow, max-snippet:-1, max-image-preview:large, max-video-preview:-1\" \/>\n<link rel=\"canonical\" href=\"https:\/\/www.drpen.cl\/index.php\/politica-de-privacidad\/\" \/>\n<meta property=\"og:locale\" content=\"es_ES\" \/>\n<meta property=\"og:type\" content=\"article\" \/>\n<meta property=\"og:title\" content=\"Pol\u00edticas de Privacidad - Dr Pen Chile\" \/>\n<meta property=\"og:description\" content=\"Pol\u00edtica de Privacidad www.drpen.cl se reserva el derecho de modificar en cualquier tiempo la presente Pol\u00edtica de Privacidad para adaptarla\" \/>\n<meta property=\"og:url\" content=\"https:\/\/www.drpen.cl\/index.php\/politica-de-privacidad\/\" \/>\n<meta property=\"og:site_name\" content=\"Dr Pen Chile\" \/>\n<meta property=\"article:modified_time\" content=\"2021-10-12T20:23:36+00:00\" \/>\n<meta name=\"twitter:card\" content=\"summary_large_image\" \/>\n<meta name=\"twitter:label1\" content=\"Tiempo estimado de lectura\" \/>\n\t<meta name=\"twitter:data1\" content=\"7 minutos\" \/>\n<script type=\"application\/ld+json\" class=\"yoast-schema-graph\">{\"@context\":\"https:\\\/\\\/schema.org\",\"@graph\":[{\"@type\":\"WebPage\",\"@id\":\"https:\\\/\\\/www.drpen.cl\\\/index.php\\\/politica-de-privacidad\\\/\",\"url\":\"https:\\\/\\\/www.drpen.cl\\\/index.php\\\/politica-de-privacidad\\\/\",\"name\":\"Pol\u00edticas de Privacidad - Dr Pen Chile\",\"isPartOf\":{\"@id\":\"https:\\\/\\\/www.drpen.cl\\\/#website\"},\"datePublished\":\"2021-09-16T16:52:07+00:00\",\"dateModified\":\"2021-10-12T20:23:36+00:00\",\"breadcrumb\":{\"@id\":\"https:\\\/\\\/www.drpen.cl\\\/index.php\\\/politica-de-privacidad\\\/#breadcrumb\"},\"inLanguage\":\"es-CL\",\"potentialAction\":[{\"@type\":\"ReadAction\",\"target\":[\"https:\\\/\\\/www.drpen.cl\\\/index.php\\\/politica-de-privacidad\\\/\"]}]},{\"@type\":\"BreadcrumbList\",\"@id\":\"https:\\\/\\\/www.drpen.cl\\\/index.php\\\/politica-de-privacidad\\\/#breadcrumb\",\"itemListElement\":[{\"@type\":\"ListItem\",\"position\":1,\"name\":\"Portada\",\"item\":\"https:\\\/\\\/www.drpen.cl\\\/\"},{\"@type\":\"ListItem\",\"position\":2,\"name\":\"Pol\u00edticas de Privacidad\"}]},{\"@type\":\"WebSite\",\"@id\":\"https:\\\/\\\/www.drpen.cl\\\/#website\",\"url\":\"https:\\\/\\\/www.drpen.cl\\\/\",\"name\":\"Dr Pen Chile\",\"description\":\"Microneedle System\",\"potentialAction\":[{\"@type\":\"SearchAction\",\"target\":{\"@type\":\"EntryPoint\",\"urlTemplate\":\"https:\\\/\\\/www.drpen.cl\\\/?s={search_term_string}\"},\"query-input\":{\"@type\":\"PropertyValueSpecification\",\"valueRequired\":true,\"valueName\":\"search_term_string\"}}],\"inLanguage\":\"es-CL\"}]}<\/script>\n<!-- \/ Yoast SEO plugin. -->","yoast_head_json":{"title":"Pol\u00edticas de Privacidad - Dr Pen Chile","robots":{"index":"index","follow":"follow","max-snippet":"max-snippet:-1","max-image-preview":"max-image-preview:large","max-video-preview":"max-video-preview:-1"},"canonical":"https:\/\/www.drpen.cl\/index.php\/politica-de-privacidad\/","og_locale":"es_ES","og_type":"article","og_title":"Pol\u00edticas de Privacidad - Dr Pen Chile","og_description":"Pol\u00edtica de Privacidad www.drpen.cl se reserva el derecho de modificar en cualquier tiempo la presente Pol\u00edtica de Privacidad para adaptarla","og_url":"https:\/\/www.drpen.cl\/index.php\/politica-de-privacidad\/","og_site_name":"Dr Pen Chile","article_modified_time":"2021-10-12T20:23:36+00:00","twitter_card":"summary_large_image","twitter_misc":{"Tiempo estimado de lectura":"7 minutos"},"schema":{"@context":"https:\/\/schema.org","@graph":[{"@type":"WebPage","@id":"https:\/\/www.drpen.cl\/index.php\/politica-de-privacidad\/","url":"https:\/\/www.drpen.cl\/index.php\/politica-de-privacidad\/","name":"Pol\u00edticas de Privacidad - Dr Pen Chile","isPartOf":{"@id":"https:\/\/www.drpen.cl\/#website"},"datePublished":"2021-09-16T16:52:07+00:00","dateModified":"2021-10-12T20:23:36+00:00","breadcrumb":{"@id":"https:\/\/www.drpen.cl\/index.php\/politica-de-privacidad\/#breadcrumb"},"inLanguage":"es-CL","potentialAction":[{"@type":"ReadAction","target":["https:\/\/www.drpen.cl\/index.php\/politica-de-privacidad\/"]}]},{"@type":"BreadcrumbList","@id":"https:\/\/www.drpen.cl\/index.php\/politica-de-privacidad\/#breadcrumb","itemListElement":[{"@type":"ListItem","position":1,"name":"Portada","item":"https:\/\/www.drpen.cl\/"},{"@type":"ListItem","position":2,"name":"Pol\u00edticas de Privacidad"}]},{"@type":"WebSite","@id":"https:\/\/www.drpen.cl\/#website","url":"https:\/\/www.drpen.cl\/","name":"Dr Pen Chile","description":"Microneedle System","potentialAction":[{"@type":"SearchAction","target":{"@type":"EntryPoint","urlTemplate":"https:\/\/www.drpen.cl\/?s={search_term_string}"},"query-input":{"@type":"PropertyValueSpecification","valueRequired":true,"valueName":"search_term_string"}}],"inLanguage":"es-CL"}]}},"_links":{"self":[{"href":"https:\/\/www.drpen.cl\/index.php\/wp-json\/wp\/v2\/pages\/3","targetHints":{"allow":["GET"]}}],"collection":[{"href":"https:\/\/www.drpen.cl\/index.php\/wp-json\/wp\/v2\/pages"}],"about":[{"href":"https:\/\/www.drpen.cl\/index.php\/wp-json\/wp\/v2\/types\/page"}],"author":[{"embeddable":true,"href":"https:\/\/www.drpen.cl\/index.php\/wp-json\/wp\/v2\/users\/5"}],"replies":[{"embeddable":true,"href":"https:\/\/www.drpen.cl\/index.php\/wp-json\/wp\/v2\/comments?post=3"}],"version-history":[{"count":2,"href":"https:\/\/www.drpen.cl\/index.php\/wp-json\/wp\/v2\/pages\/3\/revisions"}],"predecessor-version":[{"id":8055,"href":"https:\/\/www.drpen.cl\/index.php\/wp-json\/wp\/v2\/pages\/3\/revisions\/8055"}],"wp:attachment":[{"href":"https:\/\/www.drpen.cl\/index.php\/wp-json\/wp\/v2\/media?parent=3"}],"curies":[{"name":"wp","href":"https:\/\/api.w.org\/{rel}","templated":true}]}}