{"id":658,"date":"2017-06-27T06:45:25","date_gmt":"2017-06-27T06:45:25","guid":{"rendered":"http:\/\/dummy.xtemos.com\/woodmart\/demos\/?page_id=658"},"modified":"2021-10-12T17:23:37","modified_gmt":"2021-10-12T20:23:37","slug":"faqs","status":"publish","type":"page","link":"https:\/\/www.drpen.cl\/index.php\/faqs\/","title":{"rendered":"Preguntas Frecuentes"},"content":{"rendered":"<p>[vc_row equal_height=&#8221;yes&#8221; css_animation=&#8221;fadeIn&#8221; css=&#8221;.vc_custom_1494510617612{margin-right: -50px !important;margin-left: -50px !important;}&#8221;][vc_column css=&#8221;.vc_custom_1496938621896{margin-bottom: 20px !important;border-right-width: 1px !important;padding-top: 15px !important;padding-right: 50px !important;padding-left: 50px !important;border-right-color: #e8e8e8 !important;border-right-style: solid !important;}&#8221; offset=&#8221;vc_col-lg-6 vc_col-md-6&#8243;]\n\t\t<div id=\"wd-61606f1a805de\" class=\"title-wrapper wd-wpb set-mb-s reset-last-child  wd-rs-61606f1a805de wd-title-color-default wd-title-style-default text-left  wd-underline-colored\">\n\t\t\t\n\t\t\t<div class=\"liner-continer\">\n\t\t\t\t<h4 class=\"woodmart-title-container title  wd-font-weight- wd-fontsize-l\" >ACERCA DE COMPRAS<\/h4>\n\t\t\t\t\t\t\t<\/div>\n\t\t\t\n\t\t\t\n\t\t\t\n\t\t<\/div>\n\t\t\n\t\t[vc_tta_accordion shape=&#8221;square&#8221; color=&#8221;white&#8221; c_icon=&#8221;chevron&#8221; c_position=&#8221;right&#8221; active_section=&#8221;1&#8243; no_fill=&#8221;true&#8221; collapsible_all=&#8221;true&#8221;][vc_tta_section title=&#8221;\u00bfTiene alg\u00fan costo el env\u00edo de mi producto?&#8221; tab_id=&#8221;1484652030151-41d816a1-ec06&#8243;][vc_column_text woodmart_inline=&#8221;no&#8221; text_larger=&#8221;no&#8221;]No. Tus compras en www.drpen.cl se env\u00edan totalmente gratis a tu direcci\u00f3n de despacho, siempre que \u00e9sta tenga cobertura de entrega por parte de Chilexpress, Starken, Correos de Chile o Blue Express.[\/vc_column_text][\/vc_tta_section][vc_tta_section title=&#8221;\u00bfEn cu\u00e1nto tiempo llegar\u00eda mi pedido?&#8221; tab_id=&#8221;1484652030190-407b08ef-5de7&#8243;][vc_column_text woodmart_inline=&#8221;no&#8221; text_larger=&#8221;no&#8221;]Despachamos todos los d\u00edas desde nuestras bodegas. Tu pedido se entrega a las empresas de transporte antes de las 24 hrs de haber realizado el pago. El tiempo en llegar a tu direcci\u00f3n depender\u00e1 de la empresa transportadora, pero generalmente entre 24 a 72 hrs.[\/vc_column_text][\/vc_tta_section][vc_tta_section title=&#8221;\u00bfCu\u00e1nto tiempo tengo para realizar cambios o devoluciones?&#8221; tab_id=&#8221;1484652030219-c6960c7e-ee62&#8243;][vc_column_text woodmart_inline=&#8221;no&#8221; text_larger=&#8221;no&#8221;]Tienes 30 d\u00edas para realizar cambios o devoluciones. Recuerda que el producto debe estar con todos los empaques, cajas y accesorios originales en perfecto estado.<\/p>\n<p>Debes escribirnos a contacto@drpen.cl en caso de que desees realizar alg\u00fan cambio o devoluci\u00f3n. Tambi\u00e9n responder al correo que te llego al momento de realizar tu compra.[\/vc_column_text][\/vc_tta_section][vc_tta_section title=&#8221;\u00bfC\u00f3mo recibo mi boleta o factura?&#8221; tab_id=&#8221;1484652030238-302a2c7c-fe6f&#8221;][vc_column_text woodmart_inline=&#8221;no&#8221; text_larger=&#8221;no&#8221;]Al momento de finalizar tu compra puedes indicar el nombre de tu empresa o raz\u00f3n social y facilitarnos el RUT de facturaci\u00f3n.<\/p>\n<p>Si no informas un RUT de facturaci\u00f3n se emitir\u00e1 una boleta electr\u00f3nica.[\/vc_column_text][\/vc_tta_section][vc_tta_section title=&#8221;\u00bfQu\u00e9 garant\u00eda tienen los productos?&#8221; tab_id=&#8221;1484652030262-e10da133-51b0&#8243;][vc_column_text woodmart_inline=&#8221;no&#8221; text_larger=&#8221;no&#8221;]Los dispositivos comprados en DrPen.cl tienen una garant\u00eda de 6 meses por cualquier falla que puede presentar siempre que esta no sea atribuible a un mal uso del mismo o a consecuencia del contacto con fluidos al interior del dispositivo.<\/p>\n<p>Para hacer uso de su garant\u00eda debe contactarnos a contacto@drpen.cl y tener a la mano su factura, boleta o n\u00famero de pedido.[\/vc_column_text][\/vc_tta_section][\/vc_tta_accordion][\/vc_column][vc_column css=&#8221;.vc_custom_1496938627545{margin-bottom: 20px !important;padding-top: 15px !important;padding-right: 50px !important;padding-left: 50px !important;}&#8221; offset=&#8221;vc_col-lg-6 vc_col-md-6&#8243;]\n\t\t<div id=\"wd-61606f31a6c87\" class=\"title-wrapper wd-wpb set-mb-s reset-last-child  wd-rs-61606f31a6c87 wd-title-color-default wd-title-style-default text-left  wd-underline-colored\">\n\t\t\t\n\t\t\t<div class=\"liner-continer\">\n\t\t\t\t<h4 class=\"woodmart-title-container title  wd-font-weight- wd-fontsize-l\" >ACERCA DE LA FORMA DE PAGO<\/h4>\n\t\t\t\t\t\t\t<\/div>\n\t\t\t\n\t\t\t\n\t\t\t\n\t\t<\/div>\n\t\t\n\t\t[vc_tta_accordion shape=&#8221;square&#8221; color=&#8221;white&#8221; c_icon=&#8221;chevron&#8221; c_position=&#8221;right&#8221; active_section=&#8221;1&#8243; no_fill=&#8221;true&#8221; collapsible_all=&#8221;true&#8221;][vc_tta_section title=&#8221;\u00bfCu\u00e1les son las formas de pago disponibles?&#8221; tab_id=&#8221;1&#8243;][vc_column_text woodmart_inline=&#8221;no&#8221; text_larger=&#8221;no&#8221;]Aceptamos varios instrumentos de pagos electr\u00f3nicos como: tarjetas de d\u00e9bito, tarjetas de cr\u00e9dito, tarjetas de casa comerciales, tarjetas Mach, Servipag y Criptomonedas (Bitcoins, Stellar y Ethereum)[\/vc_column_text][\/vc_tta_section][\/vc_tta_accordion][vc_single_image image=&#8221;8046&#8243; img_size=&#8221;full&#8221; woodmart_inline=&#8221;no&#8221; parallax_scroll=&#8221;no&#8221;][\/vc_column][\/vc_row]<\/p>\n","protected":false},"excerpt":{"rendered":"<p>[vc_row equal_height=&#8221;yes&#8221; css_animation=&#8221;fadeIn&#8221; css=&#8221;.vc_custom_1494510617612{margin-right: -50px !important;margin-left: -50px !important;}&#8221;][vc_column css=&#8221;.vc_custom_1496938621896{margin-bottom: 20px !important;border-right-width: 1px !important;padding-top: 15px !important;padding-right: 50px !important;padding-left: 50px !important;border-right-color: #e8e8e8<\/p>\n","protected":false},"author":5,"featured_media":0,"parent":0,"menu_order":0,"comment_status":"closed","ping_status":"closed","template":"","meta":{"footnotes":""},"class_list":["post-658","page","type-page","status-publish","hentry"],"yoast_head":"<!-- This site is optimized with the Yoast SEO plugin v27.4 - https:\/\/yoast.com\/product\/yoast-seo-wordpress\/ -->\n<title>Preguntas Frecuentes - Dr Pen Chile<\/title>\n<meta name=\"robots\" content=\"index, follow, max-snippet:-1, max-image-preview:large, max-video-preview:-1\" \/>\n<link rel=\"canonical\" href=\"https:\/\/www.drpen.cl\/index.php\/faqs\/\" \/>\n<meta property=\"og:locale\" content=\"es_ES\" \/>\n<meta property=\"og:type\" content=\"article\" \/>\n<meta property=\"og:title\" content=\"Preguntas Frecuentes - Dr Pen Chile\" \/>\n<meta property=\"og:description\" content=\"[vc_row equal_height=&#8221;yes&#8221; css_animation=&#8221;fadeIn&#8221; css=&#8221;.vc_custom_1494510617612{margin-right: -50px !important;margin-left: -50px !important;}&#8221;][vc_column css=&#8221;.vc_custom_1496938621896{margin-bottom: 20px !important;border-right-width: 1px !important;padding-top: 15px !important;padding-right: 50px !important;padding-left: 50px !important;border-right-color: #e8e8e8\" \/>\n<meta property=\"og:url\" content=\"https:\/\/www.drpen.cl\/index.php\/faqs\/\" \/>\n<meta property=\"og:site_name\" content=\"Dr Pen Chile\" \/>\n<meta property=\"article:modified_time\" content=\"2021-10-12T20:23:37+00:00\" \/>\n<meta name=\"twitter:card\" content=\"summary_large_image\" \/>\n<meta name=\"twitter:label1\" content=\"Tiempo estimado de lectura\" \/>\n\t<meta name=\"twitter:data1\" content=\"3 minutos\" \/>\n<script type=\"application\/ld+json\" class=\"yoast-schema-graph\">{\"@context\":\"https:\\\/\\\/schema.org\",\"@graph\":[{\"@type\":\"WebPage\",\"@id\":\"https:\\\/\\\/www.drpen.cl\\\/index.php\\\/faqs\\\/\",\"url\":\"https:\\\/\\\/www.drpen.cl\\\/index.php\\\/faqs\\\/\",\"name\":\"Preguntas Frecuentes - Dr Pen Chile\",\"isPartOf\":{\"@id\":\"https:\\\/\\\/www.drpen.cl\\\/#website\"},\"datePublished\":\"2017-06-27T06:45:25+00:00\",\"dateModified\":\"2021-10-12T20:23:37+00:00\",\"breadcrumb\":{\"@id\":\"https:\\\/\\\/www.drpen.cl\\\/index.php\\\/faqs\\\/#breadcrumb\"},\"inLanguage\":\"es-CL\",\"potentialAction\":[{\"@type\":\"ReadAction\",\"target\":[\"https:\\\/\\\/www.drpen.cl\\\/index.php\\\/faqs\\\/\"]}]},{\"@type\":\"BreadcrumbList\",\"@id\":\"https:\\\/\\\/www.drpen.cl\\\/index.php\\\/faqs\\\/#breadcrumb\",\"itemListElement\":[{\"@type\":\"ListItem\",\"position\":1,\"name\":\"Portada\",\"item\":\"https:\\\/\\\/www.drpen.cl\\\/\"},{\"@type\":\"ListItem\",\"position\":2,\"name\":\"Preguntas Frecuentes\"}]},{\"@type\":\"WebSite\",\"@id\":\"https:\\\/\\\/www.drpen.cl\\\/#website\",\"url\":\"https:\\\/\\\/www.drpen.cl\\\/\",\"name\":\"Dr Pen Chile\",\"description\":\"Microneedle System\",\"potentialAction\":[{\"@type\":\"SearchAction\",\"target\":{\"@type\":\"EntryPoint\",\"urlTemplate\":\"https:\\\/\\\/www.drpen.cl\\\/?s={search_term_string}\"},\"query-input\":{\"@type\":\"PropertyValueSpecification\",\"valueRequired\":true,\"valueName\":\"search_term_string\"}}],\"inLanguage\":\"es-CL\"}]}<\/script>\n<!-- \/ Yoast SEO plugin. -->","yoast_head_json":{"title":"Preguntas Frecuentes - Dr Pen Chile","robots":{"index":"index","follow":"follow","max-snippet":"max-snippet:-1","max-image-preview":"max-image-preview:large","max-video-preview":"max-video-preview:-1"},"canonical":"https:\/\/www.drpen.cl\/index.php\/faqs\/","og_locale":"es_ES","og_type":"article","og_title":"Preguntas Frecuentes - Dr Pen Chile","og_description":"[vc_row equal_height=&#8221;yes&#8221; css_animation=&#8221;fadeIn&#8221; css=&#8221;.vc_custom_1494510617612{margin-right: -50px !important;margin-left: -50px !important;}&#8221;][vc_column css=&#8221;.vc_custom_1496938621896{margin-bottom: 20px !important;border-right-width: 1px !important;padding-top: 15px !important;padding-right: 50px !important;padding-left: 50px !important;border-right-color: #e8e8e8","og_url":"https:\/\/www.drpen.cl\/index.php\/faqs\/","og_site_name":"Dr Pen Chile","article_modified_time":"2021-10-12T20:23:37+00:00","twitter_card":"summary_large_image","twitter_misc":{"Tiempo estimado de lectura":"3 minutos"},"schema":{"@context":"https:\/\/schema.org","@graph":[{"@type":"WebPage","@id":"https:\/\/www.drpen.cl\/index.php\/faqs\/","url":"https:\/\/www.drpen.cl\/index.php\/faqs\/","name":"Preguntas Frecuentes - Dr Pen Chile","isPartOf":{"@id":"https:\/\/www.drpen.cl\/#website"},"datePublished":"2017-06-27T06:45:25+00:00","dateModified":"2021-10-12T20:23:37+00:00","breadcrumb":{"@id":"https:\/\/www.drpen.cl\/index.php\/faqs\/#breadcrumb"},"inLanguage":"es-CL","potentialAction":[{"@type":"ReadAction","target":["https:\/\/www.drpen.cl\/index.php\/faqs\/"]}]},{"@type":"BreadcrumbList","@id":"https:\/\/www.drpen.cl\/index.php\/faqs\/#breadcrumb","itemListElement":[{"@type":"ListItem","position":1,"name":"Portada","item":"https:\/\/www.drpen.cl\/"},{"@type":"ListItem","position":2,"name":"Preguntas Frecuentes"}]},{"@type":"WebSite","@id":"https:\/\/www.drpen.cl\/#website","url":"https:\/\/www.drpen.cl\/","name":"Dr Pen Chile","description":"Microneedle System","potentialAction":[{"@type":"SearchAction","target":{"@type":"EntryPoint","urlTemplate":"https:\/\/www.drpen.cl\/?s={search_term_string}"},"query-input":{"@type":"PropertyValueSpecification","valueRequired":true,"valueName":"search_term_string"}}],"inLanguage":"es-CL"}]}},"_links":{"self":[{"href":"https:\/\/www.drpen.cl\/index.php\/wp-json\/wp\/v2\/pages\/658","targetHints":{"allow":["GET"]}}],"collection":[{"href":"https:\/\/www.drpen.cl\/index.php\/wp-json\/wp\/v2\/pages"}],"about":[{"href":"https:\/\/www.drpen.cl\/index.php\/wp-json\/wp\/v2\/types\/page"}],"author":[{"embeddable":true,"href":"https:\/\/www.drpen.cl\/index.php\/wp-json\/wp\/v2\/users\/5"}],"replies":[{"embeddable":true,"href":"https:\/\/www.drpen.cl\/index.php\/wp-json\/wp\/v2\/comments?post=658"}],"version-history":[{"count":7,"href":"https:\/\/www.drpen.cl\/index.php\/wp-json\/wp\/v2\/pages\/658\/revisions"}],"predecessor-version":[{"id":8048,"href":"https:\/\/www.drpen.cl\/index.php\/wp-json\/wp\/v2\/pages\/658\/revisions\/8048"}],"wp:attachment":[{"href":"https:\/\/www.drpen.cl\/index.php\/wp-json\/wp\/v2\/media?parent=658"}],"curies":[{"name":"wp","href":"https:\/\/api.w.org\/{rel}","templated":true}]}}