{"id":7934,"date":"2021-10-01T12:41:21","date_gmt":"2021-10-01T16:41:21","guid":{"rendered":"https:\/\/www.drpen.cl\/?post_type=product&#038;p=7934"},"modified":"2026-04-11T19:56:31","modified_gmt":"2026-04-11T23:56:31","slug":"dr-pen-ultima-m8-inalambrico","status":"publish","type":"product","link":"https:\/\/www.drpen.cl\/index.php\/producto\/dr-pen-ultima-m8-inalambrico\/","title":{"rendered":"Dr Pen Ultima M8 Inal\u00e1mbrico"},"content":{"rendered":"<h2>Dr Pen Ultima M8<\/h2>\n<div id=\"description-includes\" class=\"item-description__content \">\n<p>El Dr Pen Ultima M8 es un equipo inal\u00e1mbrico de microneedling (bio-estimulaci\u00f3n transd\u00e9rmica). El microneedling se ha estudiado ampliamente, por lo tanto, los informes publicados describen su eficacia cl\u00ednica, t\u00e9cnicas de tratamiento, an\u00e1lisis histol\u00f3gicos y terapias de combinaci\u00f3n. Las indicaciones mejores descritas para el microneedling en dermatolog\u00eda incluyen, marcas de acn\u00e9, arrugas periorbital y perioral, laxitud de la piel, cicatrices postraum\u00e1ticas y de quemaduras, y estr\u00edas.<\/p>\n<p>Las puntas desechables de este dispositivo limitan el riesgo de infecci\u00f3n. Tambi\u00e9n permiten el tratamiento de peque\u00f1as lesiones focales. Dichas lesiones como cicatrices traum\u00e1ticas o arrugas del labio superior, que ser\u00edan dif\u00edciles de realizar con un tambor de rodillos. Los resultados cl\u00ednicos \u00f3ptimos se obtienen cuando la profundidad de penetraci\u00f3n de las micro-agujas ajusta de acuerdo a la ubicaci\u00f3n espec\u00edfica de la piel (y el grosor). Por ejemplo, la piel seb\u00e1cea gruesa requerir\u00e1 una penetraci\u00f3n m\u00e1s profunda de la aguja en comparaci\u00f3n con la piel periocular delgada.<\/p>\n<\/div>\n<h2><img loading=\"lazy\" decoding=\"async\" class=\"alignnone wp-image-7935 size-full aligncenter\" src=\"https:\/\/www.drpen.cl\/wp-content\/uploads\/2021\/10\/Punta-dermapen-M8-con-cartucho-e1633101244533.png\" alt=\"\" width=\"1000\" height=\"525\" srcset=\"https:\/\/www.drpen.cl\/wp-content\/uploads\/2021\/10\/Punta-dermapen-M8-con-cartucho-e1633101244533.png 1000w, https:\/\/www.drpen.cl\/wp-content\/uploads\/2021\/10\/Punta-dermapen-M8-con-cartucho-e1633101244533-150x79.png 150w, https:\/\/www.drpen.cl\/wp-content\/uploads\/2021\/10\/Punta-dermapen-M8-con-cartucho-e1633101244533-600x315.png 600w, https:\/\/www.drpen.cl\/wp-content\/uploads\/2021\/10\/Punta-dermapen-M8-con-cartucho-e1633101244533-300x158.png 300w, https:\/\/www.drpen.cl\/wp-content\/uploads\/2021\/10\/Punta-dermapen-M8-con-cartucho-e1633101244533-768x403.png 768w\" sizes=\"auto, (max-width: 1000px) 100vw, 1000px\" \/><\/h2>\n<h2>Caracter\u00edsticas del Dr Pen Ultima M8<\/h2>\n<p><img loading=\"lazy\" decoding=\"async\" class=\"wp-image-7936 alignleft\" src=\"https:\/\/www.drpen.cl\/wp-content\/uploads\/2021\/10\/display-m8.png\" alt=\"\" width=\"425\" height=\"425\" srcset=\"https:\/\/www.drpen.cl\/wp-content\/uploads\/2021\/10\/display-m8.png 1000w, https:\/\/www.drpen.cl\/wp-content\/uploads\/2021\/10\/display-m8-600x600.png 600w, https:\/\/www.drpen.cl\/wp-content\/uploads\/2021\/10\/display-m8-150x150.png 150w, https:\/\/www.drpen.cl\/wp-content\/uploads\/2021\/10\/display-m8-300x300.png 300w, https:\/\/www.drpen.cl\/wp-content\/uploads\/2021\/10\/display-m8-768x768.png 768w\" sizes=\"auto, (max-width: 425px) 100vw, 425px\" \/><\/p>\n<ul>\n<li>Equipo inal\u00e1mbrico recargable.<\/li>\n<li>6 velocidades de penetraci\u00f3n ajustables (la luz parpadea para indicar la velocidad).<\/li>\n<li>Profundidad ajustable desde 0,25mm a 2,5mm.<\/li>\n<li>Cartuchos de seguridad de 16 pines (con 3 pesta\u00f1as)<\/li>\n<li>Cartuchos con agujas m\u00e1s delgadas 34G<\/li>\n<li>Equipo de aleaci\u00f3n aluminio y titanio<\/li>\n<li>Display digital<\/li>\n<\/ul>\n<h2><\/h2>\n<h2><\/h2>\n<h2><\/h2>\n<h2><\/h2>\n<h2><\/h2>\n<h2>Aplicaciones especificas<\/h2>\n<p><img loading=\"lazy\" decoding=\"async\" class=\"wp-image-7937 alignright\" src=\"https:\/\/www.drpen.cl\/wp-content\/uploads\/2021\/10\/Dr-pen-M8-nueva-punta-mecanismo-sin-fondo-300x300.png\" alt=\"\" width=\"381\" height=\"381\" srcset=\"https:\/\/www.drpen.cl\/wp-content\/uploads\/2021\/10\/Dr-pen-M8-nueva-punta-mecanismo-sin-fondo-300x300.png 300w, https:\/\/www.drpen.cl\/wp-content\/uploads\/2021\/10\/Dr-pen-M8-nueva-punta-mecanismo-sin-fondo-600x600.png 600w, https:\/\/www.drpen.cl\/wp-content\/uploads\/2021\/10\/Dr-pen-M8-nueva-punta-mecanismo-sin-fondo-150x150.png 150w, https:\/\/www.drpen.cl\/wp-content\/uploads\/2021\/10\/Dr-pen-M8-nueva-punta-mecanismo-sin-fondo-768x768.png 768w, https:\/\/www.drpen.cl\/wp-content\/uploads\/2021\/10\/Dr-pen-M8-nueva-punta-mecanismo-sin-fondo.png 1000w\" sizes=\"auto, (max-width: 381px) 100vw, 381px\" \/><\/p>\n<ul>\n<li>El dermapen Dr Pen Ultima M8 Inal\u00e1mbrico logra una Bioestimulaci\u00f3n transd\u00e9rmica que permite:\n<ul>\n<li>La estimulaci\u00f3n de Factores de Crecimiento<\/li>\n<li>Aumento y mejor\u00eda del Col\u00e1geno y Elastina<\/li>\n<li>Rejuvenecimiento, oxigenaci\u00f3n e hidrataci\u00f3n de la piel<\/li>\n<li>Regeneraci\u00f3n de c\u00e9lulas nuevas y sanas<\/li>\n<li>Mejora el aspecto de la piel a grandes rasgos, por ejemplo, luminosidad, peque\u00f1as arrugas, hidrataci\u00f3n, manchas recientes.<\/li>\n<\/ul>\n<\/li>\n<\/ul>\n<ul>\n<li>Adem\u00e1s permite el efectivo tratamiento de:\n<ul>\n<li>Acn\u00e9 d\u00e9bil.<\/li>\n<li>Ros\u00e1cea.<\/li>\n<li>Ojeras.<\/li>\n<li>Marcas de acn\u00e9.<\/li>\n<li>Manchas solares.<\/li>\n<li>Flacidez facial.<\/li>\n<li>Hiperpigmentaciones.<\/li>\n<li>Mejora del tono de la piel.<\/li>\n<li>Este es el tratamiento ideal para cualquier persona que quiera mejorar el aspecto de la piel de su rostro.<\/li>\n<\/ul>\n<\/li>\n<\/ul>\n<p>Durante las primeras 4 horas despu\u00e9s del procedimiento, se le indica al paciente que aplique la muestra provista de gel de \u00e1cido hialur\u00f3nico a la piel. Despu\u00e9s de 4 horas, se puede aplicar una crema de hidrocortisona al 1% o una crema hidratante no alerg\u00e9nica a las regiones de tratamiento de 2 a 4 veces al d\u00eda durante 2 a 3 d\u00edas. Se recomienda el uso de un protector solar no qu\u00edmico (f\u00edsico) con FPS 30 o superior (adem\u00e1s de la crema hidratante) durante la primera semana posterior al tratamiento.<\/p>\n<p>&nbsp;<\/p>\n<h2>Contenido del paquete<\/h2>\n<div id=\"description-includes\" class=\"item-description__content \">\n<div class=\"item-description__text\">\n<ul>\n<li>1 Equipo Dr Pen Ultima M8 Inal\u00e1mbrico<\/li>\n<li>1 Cargador<\/li>\n<li>2 cartuchos de seguridad de 16 pines<\/li>\n<li>1 Manual de uso<\/li>\n<\/ul>\n<p><img loading=\"lazy\" decoding=\"async\" class=\"alignnone wp-image-7938 size-full aligncenter\" src=\"https:\/\/www.drpen.cl\/wp-content\/uploads\/2021\/10\/Dr-pen-M8-imagen-1.png\" alt=\"\" width=\"904\" height=\"584\" srcset=\"https:\/\/www.drpen.cl\/wp-content\/uploads\/2021\/10\/Dr-pen-M8-imagen-1.png 904w, https:\/\/www.drpen.cl\/wp-content\/uploads\/2021\/10\/Dr-pen-M8-imagen-1-150x97.png 150w, https:\/\/www.drpen.cl\/wp-content\/uploads\/2021\/10\/Dr-pen-M8-imagen-1-600x388.png 600w, https:\/\/www.drpen.cl\/wp-content\/uploads\/2021\/10\/Dr-pen-M8-imagen-1-300x194.png 300w, https:\/\/www.drpen.cl\/wp-content\/uploads\/2021\/10\/Dr-pen-M8-imagen-1-768x496.png 768w\" sizes=\"auto, (max-width: 904px) 100vw, 904px\" \/><\/p>\n<\/div>\n<\/div>\n","protected":false},"excerpt":{"rendered":"<p>Dr Pen Ultima M8 El Dr Pen Ultima M8 es un equipo inal\u00e1mbrico de microneedling (bio-estimulaci\u00f3n transd\u00e9rmica). El microneedling se<\/p>\n","protected":false},"featured_media":7939,"comment_status":"closed","ping_status":"closed","template":"","meta":[],"product_brand":[],"product_cat":[112,44],"product_tag":[68,69,67,70],"class_list":{"0":"post-7934","1":"product","2":"type-product","3":"status-publish","4":"has-post-thumbnail","6":"product_cat-equipos","7":"product_cat-ultima-m8","8":"product_tag-dermapen-m8","9":"product_tag-dr-pen-m8","10":"product_tag-dr-pen-ultima-m8","11":"product_tag-m8-inalambrico","13":"first","14":"outofstock","15":"sale","16":"taxable","17":"shipping-taxable","18":"purchasable","19":"product-type-simple"},"yoast_head":"<!-- This site is optimized with the Yoast SEO plugin v27.4 - https:\/\/yoast.com\/product\/yoast-seo-wordpress\/ -->\n<title>Dr Pen Ultima M8 Inal\u00e1mbrico - Dr Pen Chile<\/title>\n<meta name=\"description\" content=\"El Dr Pen Ultima M8 es un equipo inal\u00e1mbrico de microneedling (bio-estimulaci\u00f3n transd\u00e9rmica) limitando el riesgo de infecci\u00f3n,\" \/>\n<meta name=\"robots\" content=\"index, follow, max-snippet:-1, max-image-preview:large, max-video-preview:-1\" \/>\n<link rel=\"canonical\" href=\"https:\/\/www.drpen.cl\/index.php\/producto\/dr-pen-ultima-m8-inalambrico\/\" \/>\n<meta property=\"og:locale\" content=\"es_ES\" \/>\n<meta property=\"og:type\" content=\"article\" \/>\n<meta property=\"og:title\" content=\"Dr Pen Ultima M8 Inal\u00e1mbrico - Dr Pen Chile\" \/>\n<meta property=\"og:description\" content=\"El Dr Pen Ultima M8 es un equipo inal\u00e1mbrico de microneedling (bio-estimulaci\u00f3n transd\u00e9rmica) limitando el riesgo de infecci\u00f3n,\" \/>\n<meta property=\"og:url\" content=\"https:\/\/www.drpen.cl\/index.php\/producto\/dr-pen-ultima-m8-inalambrico\/\" \/>\n<meta property=\"og:site_name\" content=\"Dr Pen Chile\" \/>\n<meta property=\"article:modified_time\" content=\"2026-04-11T23:56:31+00:00\" \/>\n<meta property=\"og:image\" content=\"https:\/\/www.drpen.cl\/wp-content\/uploads\/2021\/10\/m8-product.png\" \/>\n\t<meta property=\"og:image:width\" content=\"1080\" \/>\n\t<meta property=\"og:image:height\" content=\"1080\" \/>\n\t<meta property=\"og:image:type\" content=\"image\/png\" \/>\n<meta name=\"twitter:card\" content=\"summary_large_image\" \/>\n<meta name=\"twitter:label1\" content=\"Tiempo estimado de lectura\" \/>\n\t<meta name=\"twitter:data1\" content=\"3 minutos\" \/>\n<script type=\"application\/ld+json\" class=\"yoast-schema-graph\">{\"@context\":\"https:\\\/\\\/schema.org\",\"@graph\":[{\"@type\":\"WebPage\",\"@id\":\"https:\\\/\\\/www.drpen.cl\\\/index.php\\\/producto\\\/dr-pen-ultima-m8-inalambrico\\\/\",\"url\":\"https:\\\/\\\/www.drpen.cl\\\/index.php\\\/producto\\\/dr-pen-ultima-m8-inalambrico\\\/\",\"name\":\"Dr Pen Ultima M8 Inal\u00e1mbrico - Dr Pen Chile\",\"isPartOf\":{\"@id\":\"https:\\\/\\\/www.drpen.cl\\\/#website\"},\"primaryImageOfPage\":{\"@id\":\"https:\\\/\\\/www.drpen.cl\\\/index.php\\\/producto\\\/dr-pen-ultima-m8-inalambrico\\\/#primaryimage\"},\"image\":{\"@id\":\"https:\\\/\\\/www.drpen.cl\\\/index.php\\\/producto\\\/dr-pen-ultima-m8-inalambrico\\\/#primaryimage\"},\"thumbnailUrl\":\"https:\\\/\\\/www.drpen.cl\\\/wp-content\\\/uploads\\\/2021\\\/10\\\/m8-product.png\",\"datePublished\":\"2021-10-01T16:41:21+00:00\",\"dateModified\":\"2026-04-11T23:56:31+00:00\",\"description\":\"El Dr Pen Ultima M8 es un equipo inal\u00e1mbrico de microneedling (bio-estimulaci\u00f3n transd\u00e9rmica) limitando el riesgo de infecci\u00f3n,\",\"breadcrumb\":{\"@id\":\"https:\\\/\\\/www.drpen.cl\\\/index.php\\\/producto\\\/dr-pen-ultima-m8-inalambrico\\\/#breadcrumb\"},\"inLanguage\":\"es-CL\",\"potentialAction\":[{\"@type\":\"ReadAction\",\"target\":[\"https:\\\/\\\/www.drpen.cl\\\/index.php\\\/producto\\\/dr-pen-ultima-m8-inalambrico\\\/\"]}]},{\"@type\":\"ImageObject\",\"inLanguage\":\"es-CL\",\"@id\":\"https:\\\/\\\/www.drpen.cl\\\/index.php\\\/producto\\\/dr-pen-ultima-m8-inalambrico\\\/#primaryimage\",\"url\":\"https:\\\/\\\/www.drpen.cl\\\/wp-content\\\/uploads\\\/2021\\\/10\\\/m8-product.png\",\"contentUrl\":\"https:\\\/\\\/www.drpen.cl\\\/wp-content\\\/uploads\\\/2021\\\/10\\\/m8-product.png\",\"width\":1080,\"height\":1080,\"caption\":\"Dr Pen Ultima M8\"},{\"@type\":\"BreadcrumbList\",\"@id\":\"https:\\\/\\\/www.drpen.cl\\\/index.php\\\/producto\\\/dr-pen-ultima-m8-inalambrico\\\/#breadcrumb\",\"itemListElement\":[{\"@type\":\"ListItem\",\"position\":1,\"name\":\"Portada\",\"item\":\"https:\\\/\\\/www.drpen.cl\\\/\"},{\"@type\":\"ListItem\",\"position\":2,\"name\":\"Tienda\",\"item\":\"https:\\\/\\\/www.drpen.cl\\\/index.php\\\/tienda\\\/\"},{\"@type\":\"ListItem\",\"position\":3,\"name\":\"Dr Pen Ultima M8 Inal\u00e1mbrico\"}]},{\"@type\":\"WebSite\",\"@id\":\"https:\\\/\\\/www.drpen.cl\\\/#website\",\"url\":\"https:\\\/\\\/www.drpen.cl\\\/\",\"name\":\"Dr Pen Chile\",\"description\":\"Microneedle System\",\"potentialAction\":[{\"@type\":\"SearchAction\",\"target\":{\"@type\":\"EntryPoint\",\"urlTemplate\":\"https:\\\/\\\/www.drpen.cl\\\/?s={search_term_string}\"},\"query-input\":{\"@type\":\"PropertyValueSpecification\",\"valueRequired\":true,\"valueName\":\"search_term_string\"}}],\"inLanguage\":\"es-CL\"}]}<\/script>\n<!-- \/ Yoast SEO plugin. -->","yoast_head_json":{"title":"Dr Pen Ultima M8 Inal\u00e1mbrico - Dr Pen Chile","description":"El Dr Pen Ultima M8 es un equipo inal\u00e1mbrico de microneedling (bio-estimulaci\u00f3n transd\u00e9rmica) limitando el riesgo de infecci\u00f3n,","robots":{"index":"index","follow":"follow","max-snippet":"max-snippet:-1","max-image-preview":"max-image-preview:large","max-video-preview":"max-video-preview:-1"},"canonical":"https:\/\/www.drpen.cl\/index.php\/producto\/dr-pen-ultima-m8-inalambrico\/","og_locale":"es_ES","og_type":"article","og_title":"Dr Pen Ultima M8 Inal\u00e1mbrico - Dr Pen Chile","og_description":"El Dr Pen Ultima M8 es un equipo inal\u00e1mbrico de microneedling (bio-estimulaci\u00f3n transd\u00e9rmica) limitando el riesgo de infecci\u00f3n,","og_url":"https:\/\/www.drpen.cl\/index.php\/producto\/dr-pen-ultima-m8-inalambrico\/","og_site_name":"Dr Pen Chile","article_modified_time":"2026-04-11T23:56:31+00:00","og_image":[{"width":1080,"height":1080,"url":"https:\/\/www.drpen.cl\/wp-content\/uploads\/2021\/10\/m8-product.png","type":"image\/png"}],"twitter_card":"summary_large_image","twitter_misc":{"Tiempo estimado de lectura":"3 minutos"},"schema":{"@context":"https:\/\/schema.org","@graph":[{"@type":"WebPage","@id":"https:\/\/www.drpen.cl\/index.php\/producto\/dr-pen-ultima-m8-inalambrico\/","url":"https:\/\/www.drpen.cl\/index.php\/producto\/dr-pen-ultima-m8-inalambrico\/","name":"Dr Pen Ultima M8 Inal\u00e1mbrico - Dr Pen Chile","isPartOf":{"@id":"https:\/\/www.drpen.cl\/#website"},"primaryImageOfPage":{"@id":"https:\/\/www.drpen.cl\/index.php\/producto\/dr-pen-ultima-m8-inalambrico\/#primaryimage"},"image":{"@id":"https:\/\/www.drpen.cl\/index.php\/producto\/dr-pen-ultima-m8-inalambrico\/#primaryimage"},"thumbnailUrl":"https:\/\/www.drpen.cl\/wp-content\/uploads\/2021\/10\/m8-product.png","datePublished":"2021-10-01T16:41:21+00:00","dateModified":"2026-04-11T23:56:31+00:00","description":"El Dr Pen Ultima M8 es un equipo inal\u00e1mbrico de microneedling (bio-estimulaci\u00f3n transd\u00e9rmica) limitando el riesgo de infecci\u00f3n,","breadcrumb":{"@id":"https:\/\/www.drpen.cl\/index.php\/producto\/dr-pen-ultima-m8-inalambrico\/#breadcrumb"},"inLanguage":"es-CL","potentialAction":[{"@type":"ReadAction","target":["https:\/\/www.drpen.cl\/index.php\/producto\/dr-pen-ultima-m8-inalambrico\/"]}]},{"@type":"ImageObject","inLanguage":"es-CL","@id":"https:\/\/www.drpen.cl\/index.php\/producto\/dr-pen-ultima-m8-inalambrico\/#primaryimage","url":"https:\/\/www.drpen.cl\/wp-content\/uploads\/2021\/10\/m8-product.png","contentUrl":"https:\/\/www.drpen.cl\/wp-content\/uploads\/2021\/10\/m8-product.png","width":1080,"height":1080,"caption":"Dr Pen Ultima M8"},{"@type":"BreadcrumbList","@id":"https:\/\/www.drpen.cl\/index.php\/producto\/dr-pen-ultima-m8-inalambrico\/#breadcrumb","itemListElement":[{"@type":"ListItem","position":1,"name":"Portada","item":"https:\/\/www.drpen.cl\/"},{"@type":"ListItem","position":2,"name":"Tienda","item":"https:\/\/www.drpen.cl\/index.php\/tienda\/"},{"@type":"ListItem","position":3,"name":"Dr Pen Ultima M8 Inal\u00e1mbrico"}]},{"@type":"WebSite","@id":"https:\/\/www.drpen.cl\/#website","url":"https:\/\/www.drpen.cl\/","name":"Dr Pen Chile","description":"Microneedle System","potentialAction":[{"@type":"SearchAction","target":{"@type":"EntryPoint","urlTemplate":"https:\/\/www.drpen.cl\/?s={search_term_string}"},"query-input":{"@type":"PropertyValueSpecification","valueRequired":true,"valueName":"search_term_string"}}],"inLanguage":"es-CL"}]}},"_links":{"self":[{"href":"https:\/\/www.drpen.cl\/index.php\/wp-json\/wp\/v2\/product\/7934","targetHints":{"allow":["GET"]}}],"collection":[{"href":"https:\/\/www.drpen.cl\/index.php\/wp-json\/wp\/v2\/product"}],"about":[{"href":"https:\/\/www.drpen.cl\/index.php\/wp-json\/wp\/v2\/types\/product"}],"replies":[{"embeddable":true,"href":"https:\/\/www.drpen.cl\/index.php\/wp-json\/wp\/v2\/comments?post=7934"}],"wp:featuredmedia":[{"embeddable":true,"href":"https:\/\/www.drpen.cl\/index.php\/wp-json\/wp\/v2\/media\/7939"}],"wp:attachment":[{"href":"https:\/\/www.drpen.cl\/index.php\/wp-json\/wp\/v2\/media?parent=7934"}],"wp:term":[{"taxonomy":"product_brand","embeddable":true,"href":"https:\/\/www.drpen.cl\/index.php\/wp-json\/wp\/v2\/product_brand?post=7934"},{"taxonomy":"product_cat","embeddable":true,"href":"https:\/\/www.drpen.cl\/index.php\/wp-json\/wp\/v2\/product_cat?post=7934"},{"taxonomy":"product_tag","embeddable":true,"href":"https:\/\/www.drpen.cl\/index.php\/wp-json\/wp\/v2\/product_tag?post=7934"}],"curies":[{"name":"wp","href":"https:\/\/api.w.org\/{rel}","templated":true}]}}