{"id":7948,"date":"2021-10-01T13:21:38","date_gmt":"2021-10-01T17:21:38","guid":{"rendered":"https:\/\/www.drpen.cl\/?post_type=product&#038;p=7948"},"modified":"2026-03-07T10:34:04","modified_gmt":"2026-03-07T14:34:04","slug":"dr-pen-ultima-x5-inalambrico","status":"publish","type":"product","link":"https:\/\/www.drpen.cl\/index.php\/producto\/dr-pen-ultima-x5-inalambrico\/","title":{"rendered":"Dr Pen Ultima X5 Inal\u00e1mbrico"},"content":{"rendered":"<p>&nbsp;<\/p>\n<h2>Dr Pen Ultima X5<\/h2>\n<div id=\"description-includes\" class=\"item-description__content \">\n<p>El Dr Pen Ultima X5 es un equipo inal\u00e1mbrico de microneedling (bio-estimulaci\u00f3n transd\u00e9rmica). El microneedling se ha estudiado ampliamente, por lo tanto, los informes publicados describen su eficacia cl\u00ednica, t\u00e9cnicas de tratamiento, an\u00e1lisis histol\u00f3gicos y terapias de combinaci\u00f3n. Las indicaciones mejores descritas para el microneedling en dermatolog\u00eda incluyen, marcas de acn\u00e9, arrugas periorbital y perioral, laxitud de la piel, cicatrices postraum\u00e1ticas y de quemaduras, y estr\u00edas.<\/p>\n<\/div>\n<p>&nbsp;<\/p>\n<p><img loading=\"lazy\" decoding=\"async\" class=\"size-full wp-image-7950\" src=\"https:\/\/www.drpen.cl\/wp-content\/uploads\/2021\/10\/drpen-x5.png\" alt=\"Dr Pen Ultima X5\" width=\"700\" height=\"700\" srcset=\"https:\/\/www.drpen.cl\/wp-content\/uploads\/2021\/10\/drpen-x5.png 700w, https:\/\/www.drpen.cl\/wp-content\/uploads\/2021\/10\/drpen-x5-600x600.png 600w, https:\/\/www.drpen.cl\/wp-content\/uploads\/2021\/10\/drpen-x5-150x150.png 150w, https:\/\/www.drpen.cl\/wp-content\/uploads\/2021\/10\/drpen-x5-300x300.png 300w\" sizes=\"auto, (max-width: 700px) 100vw, 700px\" \/><\/p>\n<h3>Caracter\u00edsticas<\/h3>\n<ul>\n<li>Pantalla de visualizaci\u00f3n de velocidad LED<\/li>\n<li>Potente motor hasta 16000 RPM<\/li>\n<li>La bater\u00eda recargable se puede utilizar enchufada o sin cable<\/li>\n<li>5 niveles de velocidad<\/li>\n<li>Toda la carrocer\u00eda hecha de aleaci\u00f3n de aluminio.<\/li>\n<li>Dise\u00f1o \u00fanico antideslizante<\/li>\n<li>Bucle de calibraci\u00f3n de precisi\u00f3n<\/li>\n<li>Profundidad de aguja ajustable que var\u00eda de 0 mm a 2,5 mm<\/li>\n<li>Cartuchos de bloqueo de tornillo para minimizar el arrastre<\/li>\n<\/ul>\n<h3>Beneficios<\/h3>\n<p>El X5 mejora la apariencia de:<\/p>\n<ul>\n<li>L\u00edneas finas y arrugas<\/li>\n<li>Cicatrices de acn\u00e9 y otras cicatrices<\/li>\n<li>Cicatrices quir\u00fargicas<\/li>\n<li>Estr\u00edas<\/li>\n<li>Piel suelta \/ P\u00e9rdida de elasticidad<\/li>\n<li>P\u00e9rdida de cabello y alopecia<\/li>\n<li>Hiperpigmentaci\u00f3n y melasma<\/li>\n<li>Da\u00f1o del sol<\/li>\n<li>Tono de piel apagado (ilumina la piel)<\/li>\n<li>Textura y tono general (suaviza la piel)<\/li>\n<\/ul>\n<div id=\"description-includes\" class=\"item-description__content \">\n<p>Durante las primeras 4 horas despu\u00e9s del procedimiento, se le indica al paciente que aplique la muestra provista de gel de \u00e1cido hialur\u00f3nico a la piel. Despu\u00e9s de 4 horas, se puede aplicar una crema de hidrocortisona al 1% o una crema hidratante no alerg\u00e9nica a las regiones de tratamiento de 2 a 4 veces al d\u00eda durante 2 a 3 d\u00edas. Se recomienda el uso de un protector solar no qu\u00edmico (f\u00edsico) con FPS 30 o superior (adem\u00e1s de la crema hidratante) durante la primera semana posterior al tratamiento.<\/p>\n<h2>Contenido del paquete<\/h2>\n<div id=\"description-includes\" class=\"item-description__content \">\n<div class=\"item-description__text\">\n<ul>\n<li>1 Equipo Dr Pen Ultima X5 Inal\u00e1mbrico<\/li>\n<li>1 Cargador<\/li>\n<li>2 cartuchos de seguridad de 12 pines<\/li>\n<li>1 Manual de uso.<\/li>\n<\/ul>\n<p>&nbsp;<\/p>\n<h2><strong>Modelos de cartuchos para Dr. Pen Ultima X5 Inal\u00e1mbrico<\/strong><\/h2>\n<\/div>\n<\/div>\n<ul>\n<li>12 agujas<\/li>\n<li>24 agujas<\/li>\n<li>36 agujas<\/li>\n<li>42 agujas<\/li>\n<li>NANO<\/li>\n<\/ul>\n<\/div>\n","protected":false},"excerpt":{"rendered":"<p>&nbsp; Dr Pen Ultima X5 El Dr Pen Ultima X5 es un equipo inal\u00e1mbrico de microneedling (bio-estimulaci\u00f3n transd\u00e9rmica). El microneedling<\/p>\n","protected":false},"featured_media":7949,"comment_status":"closed","ping_status":"closed","template":"","meta":[],"product_brand":[],"product_cat":[112,39],"product_tag":[72,71,74,73],"class_list":{"0":"post-7948","1":"product","2":"type-product","3":"status-publish","4":"has-post-thumbnail","6":"product_cat-equipos","7":"product_cat-ultima-x5","8":"product_tag-dermapen-x5","9":"product_tag-dr-pen-ultima-x5","10":"product_tag-dr-pen-x5","11":"product_tag-x5-inalamvrico","13":"first","14":"instock","15":"sale","16":"taxable","17":"shipping-taxable","18":"purchasable","19":"product-type-simple"},"yoast_head":"<!-- This site is optimized with the Yoast SEO plugin v27.4 - https:\/\/yoast.com\/product\/yoast-seo-wordpress\/ -->\n<title>Dr Pen Ultima X5 Inal\u00e1mbrico - Dr Pen Chile<\/title>\n<meta name=\"description\" content=\"El Dr Pen Ultima X5 es un equipo inal\u00e1mbrico de microneedling (bio-estimulaci\u00f3n transd\u00e9rmica) limitando el riesgo de infecci\u00f3n,\" \/>\n<meta name=\"robots\" content=\"index, follow, max-snippet:-1, max-image-preview:large, max-video-preview:-1\" \/>\n<link rel=\"canonical\" href=\"https:\/\/www.drpen.cl\/index.php\/producto\/dr-pen-ultima-x5-inalambrico\/\" \/>\n<meta property=\"og:locale\" content=\"es_ES\" \/>\n<meta property=\"og:type\" content=\"article\" \/>\n<meta property=\"og:title\" content=\"Dr Pen Ultima X5 Inal\u00e1mbrico - Dr Pen Chile\" \/>\n<meta property=\"og:description\" content=\"El Dr Pen Ultima X5 es un equipo inal\u00e1mbrico de microneedling (bio-estimulaci\u00f3n transd\u00e9rmica) limitando el riesgo de infecci\u00f3n,\" \/>\n<meta property=\"og:url\" content=\"https:\/\/www.drpen.cl\/index.php\/producto\/dr-pen-ultima-x5-inalambrico\/\" \/>\n<meta property=\"og:site_name\" content=\"Dr Pen Chile\" \/>\n<meta property=\"article:modified_time\" content=\"2026-03-07T14:34:04+00:00\" \/>\n<meta property=\"og:image\" content=\"https:\/\/www.drpen.cl\/wp-content\/uploads\/2021\/10\/x5-product.png\" \/>\n\t<meta property=\"og:image:width\" content=\"1080\" \/>\n\t<meta property=\"og:image:height\" content=\"1080\" \/>\n\t<meta property=\"og:image:type\" content=\"image\/png\" \/>\n<meta name=\"twitter:card\" content=\"summary_large_image\" \/>\n<meta name=\"twitter:label1\" content=\"Tiempo estimado de lectura\" \/>\n\t<meta name=\"twitter:data1\" content=\"2 minutos\" \/>\n<script type=\"application\/ld+json\" class=\"yoast-schema-graph\">{\"@context\":\"https:\\\/\\\/schema.org\",\"@graph\":[{\"@type\":\"WebPage\",\"@id\":\"https:\\\/\\\/www.drpen.cl\\\/index.php\\\/producto\\\/dr-pen-ultima-x5-inalambrico\\\/\",\"url\":\"https:\\\/\\\/www.drpen.cl\\\/index.php\\\/producto\\\/dr-pen-ultima-x5-inalambrico\\\/\",\"name\":\"Dr Pen Ultima X5 Inal\u00e1mbrico - Dr Pen Chile\",\"isPartOf\":{\"@id\":\"https:\\\/\\\/www.drpen.cl\\\/#website\"},\"primaryImageOfPage\":{\"@id\":\"https:\\\/\\\/www.drpen.cl\\\/index.php\\\/producto\\\/dr-pen-ultima-x5-inalambrico\\\/#primaryimage\"},\"image\":{\"@id\":\"https:\\\/\\\/www.drpen.cl\\\/index.php\\\/producto\\\/dr-pen-ultima-x5-inalambrico\\\/#primaryimage\"},\"thumbnailUrl\":\"https:\\\/\\\/www.drpen.cl\\\/wp-content\\\/uploads\\\/2021\\\/10\\\/x5-product.png\",\"datePublished\":\"2021-10-01T17:21:38+00:00\",\"dateModified\":\"2026-03-07T14:34:04+00:00\",\"description\":\"El Dr Pen Ultima X5 es un equipo inal\u00e1mbrico de microneedling (bio-estimulaci\u00f3n transd\u00e9rmica) limitando el riesgo de infecci\u00f3n,\",\"breadcrumb\":{\"@id\":\"https:\\\/\\\/www.drpen.cl\\\/index.php\\\/producto\\\/dr-pen-ultima-x5-inalambrico\\\/#breadcrumb\"},\"inLanguage\":\"es-CL\",\"potentialAction\":[{\"@type\":\"ReadAction\",\"target\":[\"https:\\\/\\\/www.drpen.cl\\\/index.php\\\/producto\\\/dr-pen-ultima-x5-inalambrico\\\/\"]}]},{\"@type\":\"ImageObject\",\"inLanguage\":\"es-CL\",\"@id\":\"https:\\\/\\\/www.drpen.cl\\\/index.php\\\/producto\\\/dr-pen-ultima-x5-inalambrico\\\/#primaryimage\",\"url\":\"https:\\\/\\\/www.drpen.cl\\\/wp-content\\\/uploads\\\/2021\\\/10\\\/x5-product.png\",\"contentUrl\":\"https:\\\/\\\/www.drpen.cl\\\/wp-content\\\/uploads\\\/2021\\\/10\\\/x5-product.png\",\"width\":1080,\"height\":1080,\"caption\":\"Dr Pen Ultima X5\"},{\"@type\":\"BreadcrumbList\",\"@id\":\"https:\\\/\\\/www.drpen.cl\\\/index.php\\\/producto\\\/dr-pen-ultima-x5-inalambrico\\\/#breadcrumb\",\"itemListElement\":[{\"@type\":\"ListItem\",\"position\":1,\"name\":\"Portada\",\"item\":\"https:\\\/\\\/www.drpen.cl\\\/\"},{\"@type\":\"ListItem\",\"position\":2,\"name\":\"Tienda\",\"item\":\"https:\\\/\\\/www.drpen.cl\\\/index.php\\\/tienda\\\/\"},{\"@type\":\"ListItem\",\"position\":3,\"name\":\"Dr Pen Ultima X5 Inal\u00e1mbrico\"}]},{\"@type\":\"WebSite\",\"@id\":\"https:\\\/\\\/www.drpen.cl\\\/#website\",\"url\":\"https:\\\/\\\/www.drpen.cl\\\/\",\"name\":\"Dr Pen Chile\",\"description\":\"Microneedle System\",\"potentialAction\":[{\"@type\":\"SearchAction\",\"target\":{\"@type\":\"EntryPoint\",\"urlTemplate\":\"https:\\\/\\\/www.drpen.cl\\\/?s={search_term_string}\"},\"query-input\":{\"@type\":\"PropertyValueSpecification\",\"valueRequired\":true,\"valueName\":\"search_term_string\"}}],\"inLanguage\":\"es-CL\"}]}<\/script>\n<!-- \/ Yoast SEO plugin. -->","yoast_head_json":{"title":"Dr Pen Ultima X5 Inal\u00e1mbrico - Dr Pen Chile","description":"El Dr Pen Ultima X5 es un equipo inal\u00e1mbrico de microneedling (bio-estimulaci\u00f3n transd\u00e9rmica) limitando el riesgo de infecci\u00f3n,","robots":{"index":"index","follow":"follow","max-snippet":"max-snippet:-1","max-image-preview":"max-image-preview:large","max-video-preview":"max-video-preview:-1"},"canonical":"https:\/\/www.drpen.cl\/index.php\/producto\/dr-pen-ultima-x5-inalambrico\/","og_locale":"es_ES","og_type":"article","og_title":"Dr Pen Ultima X5 Inal\u00e1mbrico - Dr Pen Chile","og_description":"El Dr Pen Ultima X5 es un equipo inal\u00e1mbrico de microneedling (bio-estimulaci\u00f3n transd\u00e9rmica) limitando el riesgo de infecci\u00f3n,","og_url":"https:\/\/www.drpen.cl\/index.php\/producto\/dr-pen-ultima-x5-inalambrico\/","og_site_name":"Dr Pen Chile","article_modified_time":"2026-03-07T14:34:04+00:00","og_image":[{"width":1080,"height":1080,"url":"https:\/\/www.drpen.cl\/wp-content\/uploads\/2021\/10\/x5-product.png","type":"image\/png"}],"twitter_card":"summary_large_image","twitter_misc":{"Tiempo estimado de lectura":"2 minutos"},"schema":{"@context":"https:\/\/schema.org","@graph":[{"@type":"WebPage","@id":"https:\/\/www.drpen.cl\/index.php\/producto\/dr-pen-ultima-x5-inalambrico\/","url":"https:\/\/www.drpen.cl\/index.php\/producto\/dr-pen-ultima-x5-inalambrico\/","name":"Dr Pen Ultima X5 Inal\u00e1mbrico - Dr Pen Chile","isPartOf":{"@id":"https:\/\/www.drpen.cl\/#website"},"primaryImageOfPage":{"@id":"https:\/\/www.drpen.cl\/index.php\/producto\/dr-pen-ultima-x5-inalambrico\/#primaryimage"},"image":{"@id":"https:\/\/www.drpen.cl\/index.php\/producto\/dr-pen-ultima-x5-inalambrico\/#primaryimage"},"thumbnailUrl":"https:\/\/www.drpen.cl\/wp-content\/uploads\/2021\/10\/x5-product.png","datePublished":"2021-10-01T17:21:38+00:00","dateModified":"2026-03-07T14:34:04+00:00","description":"El Dr Pen Ultima X5 es un equipo inal\u00e1mbrico de microneedling (bio-estimulaci\u00f3n transd\u00e9rmica) limitando el riesgo de infecci\u00f3n,","breadcrumb":{"@id":"https:\/\/www.drpen.cl\/index.php\/producto\/dr-pen-ultima-x5-inalambrico\/#breadcrumb"},"inLanguage":"es-CL","potentialAction":[{"@type":"ReadAction","target":["https:\/\/www.drpen.cl\/index.php\/producto\/dr-pen-ultima-x5-inalambrico\/"]}]},{"@type":"ImageObject","inLanguage":"es-CL","@id":"https:\/\/www.drpen.cl\/index.php\/producto\/dr-pen-ultima-x5-inalambrico\/#primaryimage","url":"https:\/\/www.drpen.cl\/wp-content\/uploads\/2021\/10\/x5-product.png","contentUrl":"https:\/\/www.drpen.cl\/wp-content\/uploads\/2021\/10\/x5-product.png","width":1080,"height":1080,"caption":"Dr Pen Ultima X5"},{"@type":"BreadcrumbList","@id":"https:\/\/www.drpen.cl\/index.php\/producto\/dr-pen-ultima-x5-inalambrico\/#breadcrumb","itemListElement":[{"@type":"ListItem","position":1,"name":"Portada","item":"https:\/\/www.drpen.cl\/"},{"@type":"ListItem","position":2,"name":"Tienda","item":"https:\/\/www.drpen.cl\/index.php\/tienda\/"},{"@type":"ListItem","position":3,"name":"Dr Pen Ultima X5 Inal\u00e1mbrico"}]},{"@type":"WebSite","@id":"https:\/\/www.drpen.cl\/#website","url":"https:\/\/www.drpen.cl\/","name":"Dr Pen Chile","description":"Microneedle System","potentialAction":[{"@type":"SearchAction","target":{"@type":"EntryPoint","urlTemplate":"https:\/\/www.drpen.cl\/?s={search_term_string}"},"query-input":{"@type":"PropertyValueSpecification","valueRequired":true,"valueName":"search_term_string"}}],"inLanguage":"es-CL"}]}},"_links":{"self":[{"href":"https:\/\/www.drpen.cl\/index.php\/wp-json\/wp\/v2\/product\/7948","targetHints":{"allow":["GET"]}}],"collection":[{"href":"https:\/\/www.drpen.cl\/index.php\/wp-json\/wp\/v2\/product"}],"about":[{"href":"https:\/\/www.drpen.cl\/index.php\/wp-json\/wp\/v2\/types\/product"}],"replies":[{"embeddable":true,"href":"https:\/\/www.drpen.cl\/index.php\/wp-json\/wp\/v2\/comments?post=7948"}],"wp:featuredmedia":[{"embeddable":true,"href":"https:\/\/www.drpen.cl\/index.php\/wp-json\/wp\/v2\/media\/7949"}],"wp:attachment":[{"href":"https:\/\/www.drpen.cl\/index.php\/wp-json\/wp\/v2\/media?parent=7948"}],"wp:term":[{"taxonomy":"product_brand","embeddable":true,"href":"https:\/\/www.drpen.cl\/index.php\/wp-json\/wp\/v2\/product_brand?post=7948"},{"taxonomy":"product_cat","embeddable":true,"href":"https:\/\/www.drpen.cl\/index.php\/wp-json\/wp\/v2\/product_cat?post=7948"},{"taxonomy":"product_tag","embeddable":true,"href":"https:\/\/www.drpen.cl\/index.php\/wp-json\/wp\/v2\/product_tag?post=7948"}],"curies":[{"name":"wp","href":"https:\/\/api.w.org\/{rel}","templated":true}]}}