{"id":8504,"date":"2023-09-08T12:20:06","date_gmt":"2023-09-08T16:20:06","guid":{"rendered":"https:\/\/www.drpen.cl\/?post_type=product&#038;p=8504"},"modified":"2026-02-11T06:42:22","modified_gmt":"2026-02-11T10:42:22","slug":"dr-pen-a8s","status":"publish","type":"product","link":"https:\/\/www.drpen.cl\/index.php\/producto\/dr-pen-a8s\/","title":{"rendered":"Dr Pen A8S"},"content":{"rendered":"<p>[vc_row][vc_column][vc_column_text woodmart_inline=&#8221;no&#8221; text_larger=&#8221;no&#8221;]<span style=\"font-weight: 400;\">El<em><strong> Dr Pen A8S<\/strong><\/em> es un equipo que ofrece mayor autonom\u00eda al contar con una bater\u00eda externa que permite estar m\u00e1s tiempo en modo inal\u00e1mbrico.<\/span><\/p>\n<p>Tiene un dise\u00f1o moderno, elegante y \u00fanico que lo posiciona coo un equipo elite en las mejores consultas est\u00e9ticas del pa\u00eds.<\/p>\n<p>Sus combinaciones en negros y dorados resaltan las l\u00edneas elegantes que lo convierten en una joya dentro del centro est\u00e9tico.<\/p>\n<h3><b>Los beneficios del<\/b><b> Dr Pen A8S <\/b><b>incluyen la apariencia mejorada de:\u00a0<\/b><\/h3>\n<ul>\n<li style=\"font-weight: 400;\"><span style=\"font-weight: 400;\">L\u00edneas finas y arrugas<\/span><\/li>\n<li style=\"font-weight: 400;\"><span style=\"font-weight: 400;\">Cicatrices de acn\u00e9 y otras cicatrices<\/span><\/li>\n<li style=\"font-weight: 400;\"><span style=\"font-weight: 400;\">Cicatrices Quir\u00fargicas<\/span><\/li>\n<li style=\"font-weight: 400;\"><span style=\"font-weight: 400;\">Estr\u00edas<\/span><\/li>\n<li style=\"font-weight: 400;\"><span style=\"font-weight: 400;\">Piel suelta\/p\u00e9rdida de elasticidad<\/span><\/li>\n<li style=\"font-weight: 400;\"><span style=\"font-weight: 400;\">Perdida de cabello\u00a0<\/span><\/li>\n<li style=\"font-weight: 400;\"><span style=\"font-weight: 400;\">Hiperpigmentaci\u00f3n<\/span><\/li>\n<li style=\"font-weight: 400;\"><span style=\"font-weight: 400;\">Da\u00f1o del sol\u00a0<\/span><\/li>\n<li style=\"font-weight: 400;\"><span style=\"font-weight: 400;\">Textura y tono general de la piel (piel suave y un tono de piel uniforme)<\/span><\/li>\n<li style=\"font-weight: 400;\"><span style=\"font-weight: 400;\">Tono de piel opaco (ilumina la piel)<\/span><\/li>\n<\/ul>\n<p>[\/vc_column_text][\/vc_column][\/vc_row][vc_row css=&#8221;.vc_custom_1692300908740{margin-top: 0px !important;margin-right: 0px !important;margin-bottom: 0px !important;margin-left: 0px !important;border-top-width: 0px !important;border-right-width: 0px !important;border-bottom-width: 0px !important;border-left-width: 0px !important;padding-top: 0px !important;padding-right: 0px !important;padding-bottom: 0px !important;padding-left: 0px !important;}&#8221;][vc_column css=&#8221;.vc_custom_1692301058485{margin-top: 0px !important;margin-right: 0px !important;margin-bottom: 0px !important;margin-left: 0px !important;border-top-width: 0px !important;border-right-width: 0px !important;border-bottom-width: 0px !important;border-left-width: 0px !important;padding-top: 0px !important;padding-right: 0px !important;padding-bottom: 0px !important;padding-left: 0px !important;}&#8221;][vc_single_image image=&#8221;8617&#8243; img_size=&#8221;960&#215;960&#8243; css=&#8221;.vc_custom_1694470316173{margin-top: 0px !important;margin-right: 0px !important;margin-bottom: 0px !important;margin-left: 0px !important;border-top-width: 0px !important;border-right-width: 0px !important;border-bottom-width: 0px !important;border-left-width: 0px !important;padding-top: 0px !important;padding-right: 0px !important;padding-bottom: 0px !important;padding-left: 0px !important;}&#8221; woodmart_inline=&#8221;no&#8221; parallax_scroll=&#8221;no&#8221;][vc_single_image image=&#8221;8655&#8243; img_size=&#8221;960&#215;480&#8243; woodmart_inline=&#8221;no&#8221; parallax_scroll=&#8221;no&#8221; css=&#8221;.vc_custom_1694554493681{margin-bottom: 0px !important;border-bottom-width: 0px !important;padding-bottom: 0px !important;}&#8221;][vc_single_image image=&#8221;8656&#8243; img_size=&#8221;full&#8221; woodmart_inline=&#8221;no&#8221; parallax_scroll=&#8221;no&#8221; css=&#8221;.vc_custom_1694554531671{margin-top: 0px !important;border-top-width: 0px !important;padding-top: 0px !important;}&#8221;][\/vc_column][\/vc_row]<\/p>\n","protected":false},"excerpt":{"rendered":"<p>[vc_row][vc_column][vc_column_text woodmart_inline=&#8221;no&#8221; text_larger=&#8221;no&#8221;]El Dr Pen A8S es un equipo que ofrece mayor autonom\u00eda al contar con una bater\u00eda externa que<\/p>\n","protected":false},"featured_media":8638,"comment_status":"open","ping_status":"closed","template":"","meta":[],"product_brand":[],"product_cat":[103,112],"product_tag":[106,105],"class_list":{"0":"post-8504","1":"product","2":"type-product","3":"status-publish","4":"has-post-thumbnail","6":"product_cat-dr-pen-a8s","7":"product_cat-equipos","8":"product_tag-dermapen-a8s","9":"product_tag-dr-pen-a8s","11":"first","12":"instock","13":"sale","14":"taxable","15":"shipping-taxable","16":"purchasable","17":"product-type-simple"},"yoast_head":"<!-- This site is optimized with the Yoast SEO plugin v27.4 - https:\/\/yoast.com\/product\/yoast-seo-wordpress\/ -->\n<title>Dr Pen A8S - Dr Pen Chile<\/title>\n<meta name=\"description\" content=\"El Dr Pen A8S Inal\u00e1mbrico es un dispositivo para tratamientos faciales y corporales con mesoterapia de microagujas autom\u00e1ticas.\" \/>\n<meta name=\"robots\" content=\"index, follow, max-snippet:-1, max-image-preview:large, max-video-preview:-1\" \/>\n<link rel=\"canonical\" href=\"https:\/\/www.drpen.cl\/index.php\/producto\/dr-pen-a8s\/\" \/>\n<meta property=\"og:locale\" content=\"es_ES\" \/>\n<meta property=\"og:type\" content=\"article\" \/>\n<meta property=\"og:title\" content=\"Dr Pen A8S - Dr Pen Chile\" \/>\n<meta property=\"og:description\" content=\"El Dr Pen A8S Inal\u00e1mbrico es un dispositivo para tratamientos faciales y corporales con mesoterapia de microagujas autom\u00e1ticas.\" \/>\n<meta property=\"og:url\" content=\"https:\/\/www.drpen.cl\/index.php\/producto\/dr-pen-a8s\/\" \/>\n<meta property=\"og:site_name\" content=\"Dr Pen Chile\" \/>\n<meta property=\"article:modified_time\" content=\"2026-02-11T10:42:22+00:00\" \/>\n<meta property=\"og:image\" content=\"https:\/\/www.drpen.cl\/wp-content\/uploads\/2023\/09\/4-1.jpg\" \/>\n\t<meta property=\"og:image:width\" content=\"1080\" \/>\n\t<meta property=\"og:image:height\" content=\"1080\" \/>\n\t<meta property=\"og:image:type\" content=\"image\/jpeg\" \/>\n<meta name=\"twitter:card\" content=\"summary_large_image\" \/>\n<meta name=\"twitter:label1\" content=\"Tiempo estimado de lectura\" \/>\n\t<meta name=\"twitter:data1\" content=\"2 minutos\" \/>\n<script type=\"application\/ld+json\" class=\"yoast-schema-graph\">{\"@context\":\"https:\\\/\\\/schema.org\",\"@graph\":[{\"@type\":\"WebPage\",\"@id\":\"https:\\\/\\\/www.drpen.cl\\\/index.php\\\/producto\\\/dr-pen-a8s\\\/\",\"url\":\"https:\\\/\\\/www.drpen.cl\\\/index.php\\\/producto\\\/dr-pen-a8s\\\/\",\"name\":\"Dr Pen A8S - Dr Pen Chile\",\"isPartOf\":{\"@id\":\"https:\\\/\\\/www.drpen.cl\\\/#website\"},\"primaryImageOfPage\":{\"@id\":\"https:\\\/\\\/www.drpen.cl\\\/index.php\\\/producto\\\/dr-pen-a8s\\\/#primaryimage\"},\"image\":{\"@id\":\"https:\\\/\\\/www.drpen.cl\\\/index.php\\\/producto\\\/dr-pen-a8s\\\/#primaryimage\"},\"thumbnailUrl\":\"https:\\\/\\\/www.drpen.cl\\\/wp-content\\\/uploads\\\/2023\\\/09\\\/4-1.jpg\",\"datePublished\":\"2023-09-08T16:20:06+00:00\",\"dateModified\":\"2026-02-11T10:42:22+00:00\",\"description\":\"El Dr Pen A8S Inal\u00e1mbrico es un dispositivo para tratamientos faciales y corporales con mesoterapia de microagujas autom\u00e1ticas.\",\"breadcrumb\":{\"@id\":\"https:\\\/\\\/www.drpen.cl\\\/index.php\\\/producto\\\/dr-pen-a8s\\\/#breadcrumb\"},\"inLanguage\":\"es-CL\",\"potentialAction\":[{\"@type\":\"ReadAction\",\"target\":[\"https:\\\/\\\/www.drpen.cl\\\/index.php\\\/producto\\\/dr-pen-a8s\\\/\"]}]},{\"@type\":\"ImageObject\",\"inLanguage\":\"es-CL\",\"@id\":\"https:\\\/\\\/www.drpen.cl\\\/index.php\\\/producto\\\/dr-pen-a8s\\\/#primaryimage\",\"url\":\"https:\\\/\\\/www.drpen.cl\\\/wp-content\\\/uploads\\\/2023\\\/09\\\/4-1.jpg\",\"contentUrl\":\"https:\\\/\\\/www.drpen.cl\\\/wp-content\\\/uploads\\\/2023\\\/09\\\/4-1.jpg\",\"width\":1080,\"height\":1080,\"caption\":\"Dr Pen A8S\"},{\"@type\":\"BreadcrumbList\",\"@id\":\"https:\\\/\\\/www.drpen.cl\\\/index.php\\\/producto\\\/dr-pen-a8s\\\/#breadcrumb\",\"itemListElement\":[{\"@type\":\"ListItem\",\"position\":1,\"name\":\"Portada\",\"item\":\"https:\\\/\\\/www.drpen.cl\\\/\"},{\"@type\":\"ListItem\",\"position\":2,\"name\":\"Tienda\",\"item\":\"https:\\\/\\\/www.drpen.cl\\\/index.php\\\/tienda\\\/\"},{\"@type\":\"ListItem\",\"position\":3,\"name\":\"Dr Pen A8S\"}]},{\"@type\":\"WebSite\",\"@id\":\"https:\\\/\\\/www.drpen.cl\\\/#website\",\"url\":\"https:\\\/\\\/www.drpen.cl\\\/\",\"name\":\"Dr Pen Chile\",\"description\":\"Microneedle System\",\"potentialAction\":[{\"@type\":\"SearchAction\",\"target\":{\"@type\":\"EntryPoint\",\"urlTemplate\":\"https:\\\/\\\/www.drpen.cl\\\/?s={search_term_string}\"},\"query-input\":{\"@type\":\"PropertyValueSpecification\",\"valueRequired\":true,\"valueName\":\"search_term_string\"}}],\"inLanguage\":\"es-CL\"}]}<\/script>\n<!-- \/ Yoast SEO plugin. -->","yoast_head_json":{"title":"Dr Pen A8S - Dr Pen Chile","description":"El Dr Pen A8S Inal\u00e1mbrico es un dispositivo para tratamientos faciales y corporales con mesoterapia de microagujas autom\u00e1ticas.","robots":{"index":"index","follow":"follow","max-snippet":"max-snippet:-1","max-image-preview":"max-image-preview:large","max-video-preview":"max-video-preview:-1"},"canonical":"https:\/\/www.drpen.cl\/index.php\/producto\/dr-pen-a8s\/","og_locale":"es_ES","og_type":"article","og_title":"Dr Pen A8S - Dr Pen Chile","og_description":"El Dr Pen A8S Inal\u00e1mbrico es un dispositivo para tratamientos faciales y corporales con mesoterapia de microagujas autom\u00e1ticas.","og_url":"https:\/\/www.drpen.cl\/index.php\/producto\/dr-pen-a8s\/","og_site_name":"Dr Pen Chile","article_modified_time":"2026-02-11T10:42:22+00:00","og_image":[{"width":1080,"height":1080,"url":"https:\/\/www.drpen.cl\/wp-content\/uploads\/2023\/09\/4-1.jpg","type":"image\/jpeg"}],"twitter_card":"summary_large_image","twitter_misc":{"Tiempo estimado de lectura":"2 minutos"},"schema":{"@context":"https:\/\/schema.org","@graph":[{"@type":"WebPage","@id":"https:\/\/www.drpen.cl\/index.php\/producto\/dr-pen-a8s\/","url":"https:\/\/www.drpen.cl\/index.php\/producto\/dr-pen-a8s\/","name":"Dr Pen A8S - Dr Pen Chile","isPartOf":{"@id":"https:\/\/www.drpen.cl\/#website"},"primaryImageOfPage":{"@id":"https:\/\/www.drpen.cl\/index.php\/producto\/dr-pen-a8s\/#primaryimage"},"image":{"@id":"https:\/\/www.drpen.cl\/index.php\/producto\/dr-pen-a8s\/#primaryimage"},"thumbnailUrl":"https:\/\/www.drpen.cl\/wp-content\/uploads\/2023\/09\/4-1.jpg","datePublished":"2023-09-08T16:20:06+00:00","dateModified":"2026-02-11T10:42:22+00:00","description":"El Dr Pen A8S Inal\u00e1mbrico es un dispositivo para tratamientos faciales y corporales con mesoterapia de microagujas autom\u00e1ticas.","breadcrumb":{"@id":"https:\/\/www.drpen.cl\/index.php\/producto\/dr-pen-a8s\/#breadcrumb"},"inLanguage":"es-CL","potentialAction":[{"@type":"ReadAction","target":["https:\/\/www.drpen.cl\/index.php\/producto\/dr-pen-a8s\/"]}]},{"@type":"ImageObject","inLanguage":"es-CL","@id":"https:\/\/www.drpen.cl\/index.php\/producto\/dr-pen-a8s\/#primaryimage","url":"https:\/\/www.drpen.cl\/wp-content\/uploads\/2023\/09\/4-1.jpg","contentUrl":"https:\/\/www.drpen.cl\/wp-content\/uploads\/2023\/09\/4-1.jpg","width":1080,"height":1080,"caption":"Dr Pen A8S"},{"@type":"BreadcrumbList","@id":"https:\/\/www.drpen.cl\/index.php\/producto\/dr-pen-a8s\/#breadcrumb","itemListElement":[{"@type":"ListItem","position":1,"name":"Portada","item":"https:\/\/www.drpen.cl\/"},{"@type":"ListItem","position":2,"name":"Tienda","item":"https:\/\/www.drpen.cl\/index.php\/tienda\/"},{"@type":"ListItem","position":3,"name":"Dr Pen A8S"}]},{"@type":"WebSite","@id":"https:\/\/www.drpen.cl\/#website","url":"https:\/\/www.drpen.cl\/","name":"Dr Pen Chile","description":"Microneedle System","potentialAction":[{"@type":"SearchAction","target":{"@type":"EntryPoint","urlTemplate":"https:\/\/www.drpen.cl\/?s={search_term_string}"},"query-input":{"@type":"PropertyValueSpecification","valueRequired":true,"valueName":"search_term_string"}}],"inLanguage":"es-CL"}]}},"_links":{"self":[{"href":"https:\/\/www.drpen.cl\/index.php\/wp-json\/wp\/v2\/product\/8504","targetHints":{"allow":["GET"]}}],"collection":[{"href":"https:\/\/www.drpen.cl\/index.php\/wp-json\/wp\/v2\/product"}],"about":[{"href":"https:\/\/www.drpen.cl\/index.php\/wp-json\/wp\/v2\/types\/product"}],"replies":[{"embeddable":true,"href":"https:\/\/www.drpen.cl\/index.php\/wp-json\/wp\/v2\/comments?post=8504"}],"wp:featuredmedia":[{"embeddable":true,"href":"https:\/\/www.drpen.cl\/index.php\/wp-json\/wp\/v2\/media\/8638"}],"wp:attachment":[{"href":"https:\/\/www.drpen.cl\/index.php\/wp-json\/wp\/v2\/media?parent=8504"}],"wp:term":[{"taxonomy":"product_brand","embeddable":true,"href":"https:\/\/www.drpen.cl\/index.php\/wp-json\/wp\/v2\/product_brand?post=8504"},{"taxonomy":"product_cat","embeddable":true,"href":"https:\/\/www.drpen.cl\/index.php\/wp-json\/wp\/v2\/product_cat?post=8504"},{"taxonomy":"product_tag","embeddable":true,"href":"https:\/\/www.drpen.cl\/index.php\/wp-json\/wp\/v2\/product_tag?post=8504"}],"curies":[{"name":"wp","href":"https:\/\/api.w.org\/{rel}","templated":true}]}}