{"id":8515,"date":"2023-09-08T12:42:53","date_gmt":"2023-09-08T16:42:53","guid":{"rendered":"https:\/\/www.drpen.cl\/?post_type=product&#038;p=8515"},"modified":"2026-04-10T13:39:49","modified_gmt":"2026-04-10T17:39:49","slug":"dr-pen-m8s","status":"publish","type":"product","link":"https:\/\/www.drpen.cl\/index.php\/producto\/dr-pen-m8s\/","title":{"rendered":"Dr Pen M8S"},"content":{"rendered":"<p>[vc_row][vc_column][vc_column_text woodmart_inline=&#8221;no&#8221; text_larger=&#8221;no&#8221;]<span style=\"font-weight: 400;\">El<em><strong> Dr Pen M8S<\/strong><\/em>\u00a0es una versi\u00f3n mejorada del dispositivo m\u00e1s vendido de Dr.Pen, el Dr. Pen M8.<\/span><\/p>\n<p><span style=\"font-weight: 400;\">Redise\u00f1ado pensando en los usuarios, el Dr Pen M8S ofrece la comodidad y precisi\u00f3n de los tratamientos de microagujas al tiempo que mejora sus beneficios.<\/span><\/p>\n<p><span style=\"font-weight: 400;\">El Dr Pen M8S reduce las l\u00edneas finas y las arrugas, mejora la apariencia de las cicatrices del acn\u00e9, la hiperpigmentaci\u00f3n, el da\u00f1o solar, la textura y los tonos de la piel y aumenta la producci\u00f3n de col\u00e1geno.\u00a0<\/span><\/p>\n<h3><b>Los beneficios del<\/b><b> Dr Pen M8S <\/b><b>incluyen la apariencia mejorada de:\u00a0<\/b><\/h3>\n<ul>\n<li style=\"font-weight: 400;\"><span style=\"font-weight: 400;\">L\u00edneas finas y arrugas<\/span><\/li>\n<li style=\"font-weight: 400;\"><span style=\"font-weight: 400;\">Cicatrices de acn\u00e9 y otras cicatrices<\/span><\/li>\n<li style=\"font-weight: 400;\"><span style=\"font-weight: 400;\">Cicatrices Quir\u00fargicas<\/span><\/li>\n<li style=\"font-weight: 400;\"><span style=\"font-weight: 400;\">Estr\u00edas<\/span><\/li>\n<li style=\"font-weight: 400;\"><span style=\"font-weight: 400;\">Piel suelta\/p\u00e9rdida de elasticidad<\/span><\/li>\n<li style=\"font-weight: 400;\"><span style=\"font-weight: 400;\">Perdida de cabello\u00a0<\/span><\/li>\n<li style=\"font-weight: 400;\"><span style=\"font-weight: 400;\">Hiperpigmentaci\u00f3n<\/span><\/li>\n<li style=\"font-weight: 400;\"><span style=\"font-weight: 400;\">Da\u00f1o del sol\u00a0<\/span><\/li>\n<li style=\"font-weight: 400;\"><span style=\"font-weight: 400;\">Textura y tono general de la piel (piel suave y un tono de piel uniforme)<\/span><\/li>\n<li style=\"font-weight: 400;\"><span style=\"font-weight: 400;\">Tono de piel opaco (ilumina la piel)<\/span><\/li>\n<\/ul>\n<p>[\/vc_column_text][\/vc_column][\/vc_row][vc_row][vc_column width=&#8221;1\/2&#8243;][vc_column_text woodmart_inline=&#8221;no&#8221; text_larger=&#8221;no&#8221;]<\/p>\n<h3><b>Soporte de cartucho de aguja actualizado<\/b><\/h3>\n<ul>\n<li style=\"font-weight: 400;\"><span style=\"font-weight: 400;\">El cartucho del Dr. Pen M8S est\u00e1 equipado con una estructura fija de tres <\/span><span style=\"font-weight: 400;\">broches\u00a0<\/span><span style=\"font-weight: 400;\">para mejorar el rendimiento y\u00a0<\/span>\u00a0la protecci\u00f3n del dispositivo.<\/li>\n<\/ul>\n<ul>\n<li style=\"font-weight: 400;\"><span style=\"font-weight: 400;\">Adopta una superficie de contacto ondulada para ayudar con una mejor absorci\u00f3n del producto para el cuidado de la piel.<\/span><\/li>\n<li style=\"font-weight: 400;\"><span style=\"font-weight: 400;\">Provisto de nuevas opciones de cartucho de 18 pines,\u00a0<\/span><span style=\"font-weight: 400;\">nanoagujas redondas\u00a0<\/span><span style=\"font-weight: 400;\">y\u00a0<\/span><span style=\"font-weight: 400;\">nanoagujas cuadradas.<\/span><\/li>\n<li style=\"font-weight: 400;\"><span style=\"font-weight: 400;\">El cartucho de 18 pines especialmente construido viene con un di\u00e1metro de 0,18 mm, lo que lo hace ligeramente m\u00e1s delgado que los pines de otros tipos de cartuchos.<\/span><\/li>\n<li><span style=\"font-weight: 400;\">Compatible con\u00a0<\/span><span style=\"font-weight: 400;\">opciones de cartuchos de nanoagujas redondos y cuadrados de 12 pines, 18 pines, 24 pines, 36 pines, 42 pines.<\/span><\/li>\n<\/ul>\n<p>[\/vc_column_text][\/vc_column][vc_column width=&#8221;1\/2&#8243;][vc_single_image image=&#8221;8616&#8243; img_size=&#8221;medium&#8221; woodmart_inline=&#8221;no&#8221; parallax_scroll=&#8221;no&#8221;][\/vc_column][\/vc_row][vc_row][vc_column width=&#8221;1\/2&#8243;][vc_column_text woodmart_inline=&#8221;no&#8221; text_larger=&#8221;no&#8221;]<\/p>\n<h3><b>Dise\u00f1o actualizado<\/b><\/h3>\n<ul>\n<li style=\"font-weight: 400;\"><span style=\"font-weight: 400;\">Fabricado con metal de ceniza volc\u00e1nica con una combinaci\u00f3n de colores gris metalizado.<\/span><\/li>\n<li style=\"font-weight: 400;\"><span style=\"font-weight: 400;\">Digital Display Gear admite una mayor durabilidad del dispositivo.<\/span><\/li>\n<li style=\"font-weight: 400;\"><span style=\"font-weight: 400;\">Una pantalla de panel m\u00e1s grande resalta la est\u00e9tica general.\u00a0<\/span><\/li>\n<li style=\"font-weight: 400;\"><span style=\"font-weight: 400;\">Indicador de energ\u00eda de la bater\u00eda para una f\u00e1cil referencia de la energ\u00eda restante del dispositivo<\/span><\/li>\n<li style=\"font-weight: 400;\"><span style=\"font-weight: 400;\">Admite cable de alimentaci\u00f3n tipo C para flexibilidad de carga entre otros dispositivos<\/span><\/li>\n<\/ul>\n<p>[\/vc_column_text][\/vc_column][vc_column width=&#8221;1\/2&#8243;][vc_single_image image=&#8221;8621&#8243; img_size=&#8221;medium&#8221; woodmart_inline=&#8221;no&#8221; parallax_scroll=&#8221;no&#8221;][\/vc_column][\/vc_row][vc_row][vc_column width=&#8221;1\/2&#8243;][vc_column_text woodmart_inline=&#8221;no&#8221; text_larger=&#8221;no&#8221;]<\/p>\n<h3><b>Estuche protector mejorado<\/b><\/h3>\n<ul>\n<li style=\"font-weight: 400;\"><span style=\"font-weight: 400;\">Viene con una nueva funda protectora de f\u00e1cil bloqueo para transportar y almacenar el dispositivo de manera m\u00e1s conveniente<\/span><\/li>\n<li style=\"font-weight: 400;\"><span style=\"font-weight: 400;\">El dispositivo y los accesorios se colocan en capas para una mejor higiene.<\/span><\/li>\n<\/ul>\n<p>[\/vc_column_text][\/vc_column][vc_column width=&#8221;1\/2&#8243;][vc_single_image image=&#8221;8622&#8243; img_size=&#8221;medium&#8221; woodmart_inline=&#8221;no&#8221; parallax_scroll=&#8221;no&#8221;][\/vc_column][\/vc_row][vc_row][vc_column][vc_column_text woodmart_inline=&#8221;no&#8221; text_larger=&#8221;no&#8221;]<\/p>\n<h3><strong><i>M\u00e1s razones para amar al Dr Pen M8S&#8230;<\/i><\/strong><\/h3>\n<ul>\n<li>Sistema operativo para dispositivos inal\u00e1mbricos y con cable<\/li>\n<li>Rango de ajuste de aguja de 0-2,5 mm<\/li>\n<li>6 niveles de velocidad ajustables (hasta 16.000 rpm)<\/li>\n<li>Indicador de pantalla intermitente para notificar que la bater\u00eda se est\u00e1 agotando<\/li>\n<li>Bater\u00eda incorporada recargable<\/li>\n<li>Tratamiento seguro, eficaz, rentable y no invasivo<\/li>\n<li>Tiempo de inactividad m\u00ednimo<\/li>\n<li>Absorci\u00f3n extremadamente alta de productos para el cuidado de la piel.<\/li>\n<li>Casi todos los tipos de piel se pueden tratar<\/li>\n<li>Engrosa la dermis sin da\u00f1ar<\/li>\n<li>6 meses de garant\u00eda proporcionada<\/li>\n<\/ul>\n<h3><b>Qu\u00e9 hay en la caja<\/b><\/h3>\n<ul>\n<li>1 x dispositivo Dr. Pen M8S<\/li>\n<li>1 cable USB.<\/li>\n<li>1 adaptador de carga.<\/li>\n<li>1 manual de usuario.<\/li>\n<li>2 cartuchos de 12 pines.<\/li>\n<\/ul>\n<h3><b>Especificaciones del producto<\/b><\/h3>\n<ul>\n<li>Dimensiones del producto (dispositivo): 164 mm x 23 mm<\/li>\n<li>Peso Neto (dispositivo): 350g<\/li>\n<li>Capacidad de la bater\u00eda: 380 mAh<\/li>\n<li>Voltaje de entrada: 100-240 V<\/li>\n<li>Tiempo de carga: 2 horas<\/li>\n<li>Duraci\u00f3n de la bater\u00eda: 2-3 horas\/una carga<\/li>\n<\/ul>\n<h3><b>NO UTILICE<\/b><\/h3>\n<ul>\n<li>Sobre heridas abiertas.<\/li>\n<li>Sobre acn\u00e9 o pieles irritada.<\/li>\n<li>Si se produce irritaci\u00f3n.<\/li>\n<li>Un cartucho m\u00e1s de una vez.<\/li>\n<\/ul>\n<p>[\/vc_column_text][\/vc_column][\/vc_row]<\/p>\n","protected":false},"excerpt":{"rendered":"<p>[vc_row][vc_column][vc_column_text woodmart_inline=&#8221;no&#8221; text_larger=&#8221;no&#8221;]El Dr Pen M8S\u00a0es una versi\u00f3n mejorada del dispositivo m\u00e1s vendido de Dr.Pen, el Dr. Pen M8. Redise\u00f1ado<\/p>\n","protected":false},"featured_media":8637,"comment_status":"open","ping_status":"closed","template":"","meta":[],"product_brand":[],"product_cat":[102,112],"product_tag":[107,108],"class_list":{"0":"post-8515","1":"product","2":"type-product","3":"status-publish","4":"has-post-thumbnail","6":"product_cat-dr-pen-m8s","7":"product_cat-equipos","8":"product_tag-dermapen-m8s","9":"product_tag-dr-pen-m8s","11":"first","12":"instock","13":"sale","14":"taxable","15":"shipping-taxable","16":"purchasable","17":"product-type-simple"},"yoast_head":"<!-- This site is optimized with the Yoast SEO plugin v27.4 - https:\/\/yoast.com\/product\/yoast-seo-wordpress\/ -->\n<title>Dr Pen M8S - Dr Pen Chile<\/title>\n<meta name=\"description\" content=\"El Dr Pen M8S Inal\u00e1mbrico es un dispositivo para tratamientos faciales y corporales con mesoterapia de microagujas autom\u00e1ticas.\" \/>\n<meta name=\"robots\" content=\"index, follow, max-snippet:-1, max-image-preview:large, max-video-preview:-1\" \/>\n<link rel=\"canonical\" href=\"https:\/\/www.drpen.cl\/index.php\/producto\/dr-pen-m8s\/\" \/>\n<meta property=\"og:locale\" content=\"es_ES\" \/>\n<meta property=\"og:type\" content=\"article\" \/>\n<meta property=\"og:title\" content=\"Dr Pen M8S - Dr Pen Chile\" \/>\n<meta property=\"og:description\" content=\"El Dr Pen M8S Inal\u00e1mbrico es un dispositivo para tratamientos faciales y corporales con mesoterapia de microagujas autom\u00e1ticas.\" \/>\n<meta property=\"og:url\" content=\"https:\/\/www.drpen.cl\/index.php\/producto\/dr-pen-m8s\/\" \/>\n<meta property=\"og:site_name\" content=\"Dr Pen Chile\" \/>\n<meta property=\"article:modified_time\" content=\"2026-04-10T17:39:49+00:00\" \/>\n<meta property=\"og:image\" content=\"https:\/\/www.drpen.cl\/wp-content\/uploads\/2023\/09\/3-1.jpg\" \/>\n\t<meta property=\"og:image:width\" content=\"1080\" \/>\n\t<meta property=\"og:image:height\" content=\"1080\" \/>\n\t<meta property=\"og:image:type\" content=\"image\/jpeg\" \/>\n<meta name=\"twitter:card\" content=\"summary_large_image\" \/>\n<meta name=\"twitter:label1\" content=\"Tiempo estimado de lectura\" \/>\n\t<meta name=\"twitter:data1\" content=\"3 minutos\" \/>\n<script type=\"application\/ld+json\" class=\"yoast-schema-graph\">{\"@context\":\"https:\\\/\\\/schema.org\",\"@graph\":[{\"@type\":\"WebPage\",\"@id\":\"https:\\\/\\\/www.drpen.cl\\\/index.php\\\/producto\\\/dr-pen-m8s\\\/\",\"url\":\"https:\\\/\\\/www.drpen.cl\\\/index.php\\\/producto\\\/dr-pen-m8s\\\/\",\"name\":\"Dr Pen M8S - Dr Pen Chile\",\"isPartOf\":{\"@id\":\"https:\\\/\\\/www.drpen.cl\\\/#website\"},\"primaryImageOfPage\":{\"@id\":\"https:\\\/\\\/www.drpen.cl\\\/index.php\\\/producto\\\/dr-pen-m8s\\\/#primaryimage\"},\"image\":{\"@id\":\"https:\\\/\\\/www.drpen.cl\\\/index.php\\\/producto\\\/dr-pen-m8s\\\/#primaryimage\"},\"thumbnailUrl\":\"https:\\\/\\\/www.drpen.cl\\\/wp-content\\\/uploads\\\/2023\\\/09\\\/3-1.jpg\",\"datePublished\":\"2023-09-08T16:42:53+00:00\",\"dateModified\":\"2026-04-10T17:39:49+00:00\",\"description\":\"El Dr Pen M8S Inal\u00e1mbrico es un dispositivo para tratamientos faciales y corporales con mesoterapia de microagujas autom\u00e1ticas.\",\"breadcrumb\":{\"@id\":\"https:\\\/\\\/www.drpen.cl\\\/index.php\\\/producto\\\/dr-pen-m8s\\\/#breadcrumb\"},\"inLanguage\":\"es-CL\",\"potentialAction\":[{\"@type\":\"ReadAction\",\"target\":[\"https:\\\/\\\/www.drpen.cl\\\/index.php\\\/producto\\\/dr-pen-m8s\\\/\"]}]},{\"@type\":\"ImageObject\",\"inLanguage\":\"es-CL\",\"@id\":\"https:\\\/\\\/www.drpen.cl\\\/index.php\\\/producto\\\/dr-pen-m8s\\\/#primaryimage\",\"url\":\"https:\\\/\\\/www.drpen.cl\\\/wp-content\\\/uploads\\\/2023\\\/09\\\/3-1.jpg\",\"contentUrl\":\"https:\\\/\\\/www.drpen.cl\\\/wp-content\\\/uploads\\\/2023\\\/09\\\/3-1.jpg\",\"width\":1080,\"height\":1080,\"caption\":\"Dr Pen M8S\"},{\"@type\":\"BreadcrumbList\",\"@id\":\"https:\\\/\\\/www.drpen.cl\\\/index.php\\\/producto\\\/dr-pen-m8s\\\/#breadcrumb\",\"itemListElement\":[{\"@type\":\"ListItem\",\"position\":1,\"name\":\"Portada\",\"item\":\"https:\\\/\\\/www.drpen.cl\\\/\"},{\"@type\":\"ListItem\",\"position\":2,\"name\":\"Tienda\",\"item\":\"https:\\\/\\\/www.drpen.cl\\\/index.php\\\/tienda\\\/\"},{\"@type\":\"ListItem\",\"position\":3,\"name\":\"Dr Pen M8S\"}]},{\"@type\":\"WebSite\",\"@id\":\"https:\\\/\\\/www.drpen.cl\\\/#website\",\"url\":\"https:\\\/\\\/www.drpen.cl\\\/\",\"name\":\"Dr Pen Chile\",\"description\":\"Microneedle System\",\"potentialAction\":[{\"@type\":\"SearchAction\",\"target\":{\"@type\":\"EntryPoint\",\"urlTemplate\":\"https:\\\/\\\/www.drpen.cl\\\/?s={search_term_string}\"},\"query-input\":{\"@type\":\"PropertyValueSpecification\",\"valueRequired\":true,\"valueName\":\"search_term_string\"}}],\"inLanguage\":\"es-CL\"}]}<\/script>\n<!-- \/ Yoast SEO plugin. -->","yoast_head_json":{"title":"Dr Pen M8S - Dr Pen Chile","description":"El Dr Pen M8S Inal\u00e1mbrico es un dispositivo para tratamientos faciales y corporales con mesoterapia de microagujas autom\u00e1ticas.","robots":{"index":"index","follow":"follow","max-snippet":"max-snippet:-1","max-image-preview":"max-image-preview:large","max-video-preview":"max-video-preview:-1"},"canonical":"https:\/\/www.drpen.cl\/index.php\/producto\/dr-pen-m8s\/","og_locale":"es_ES","og_type":"article","og_title":"Dr Pen M8S - Dr Pen Chile","og_description":"El Dr Pen M8S Inal\u00e1mbrico es un dispositivo para tratamientos faciales y corporales con mesoterapia de microagujas autom\u00e1ticas.","og_url":"https:\/\/www.drpen.cl\/index.php\/producto\/dr-pen-m8s\/","og_site_name":"Dr Pen Chile","article_modified_time":"2026-04-10T17:39:49+00:00","og_image":[{"width":1080,"height":1080,"url":"https:\/\/www.drpen.cl\/wp-content\/uploads\/2023\/09\/3-1.jpg","type":"image\/jpeg"}],"twitter_card":"summary_large_image","twitter_misc":{"Tiempo estimado de lectura":"3 minutos"},"schema":{"@context":"https:\/\/schema.org","@graph":[{"@type":"WebPage","@id":"https:\/\/www.drpen.cl\/index.php\/producto\/dr-pen-m8s\/","url":"https:\/\/www.drpen.cl\/index.php\/producto\/dr-pen-m8s\/","name":"Dr Pen M8S - Dr Pen Chile","isPartOf":{"@id":"https:\/\/www.drpen.cl\/#website"},"primaryImageOfPage":{"@id":"https:\/\/www.drpen.cl\/index.php\/producto\/dr-pen-m8s\/#primaryimage"},"image":{"@id":"https:\/\/www.drpen.cl\/index.php\/producto\/dr-pen-m8s\/#primaryimage"},"thumbnailUrl":"https:\/\/www.drpen.cl\/wp-content\/uploads\/2023\/09\/3-1.jpg","datePublished":"2023-09-08T16:42:53+00:00","dateModified":"2026-04-10T17:39:49+00:00","description":"El Dr Pen M8S Inal\u00e1mbrico es un dispositivo para tratamientos faciales y corporales con mesoterapia de microagujas autom\u00e1ticas.","breadcrumb":{"@id":"https:\/\/www.drpen.cl\/index.php\/producto\/dr-pen-m8s\/#breadcrumb"},"inLanguage":"es-CL","potentialAction":[{"@type":"ReadAction","target":["https:\/\/www.drpen.cl\/index.php\/producto\/dr-pen-m8s\/"]}]},{"@type":"ImageObject","inLanguage":"es-CL","@id":"https:\/\/www.drpen.cl\/index.php\/producto\/dr-pen-m8s\/#primaryimage","url":"https:\/\/www.drpen.cl\/wp-content\/uploads\/2023\/09\/3-1.jpg","contentUrl":"https:\/\/www.drpen.cl\/wp-content\/uploads\/2023\/09\/3-1.jpg","width":1080,"height":1080,"caption":"Dr Pen M8S"},{"@type":"BreadcrumbList","@id":"https:\/\/www.drpen.cl\/index.php\/producto\/dr-pen-m8s\/#breadcrumb","itemListElement":[{"@type":"ListItem","position":1,"name":"Portada","item":"https:\/\/www.drpen.cl\/"},{"@type":"ListItem","position":2,"name":"Tienda","item":"https:\/\/www.drpen.cl\/index.php\/tienda\/"},{"@type":"ListItem","position":3,"name":"Dr Pen M8S"}]},{"@type":"WebSite","@id":"https:\/\/www.drpen.cl\/#website","url":"https:\/\/www.drpen.cl\/","name":"Dr Pen Chile","description":"Microneedle System","potentialAction":[{"@type":"SearchAction","target":{"@type":"EntryPoint","urlTemplate":"https:\/\/www.drpen.cl\/?s={search_term_string}"},"query-input":{"@type":"PropertyValueSpecification","valueRequired":true,"valueName":"search_term_string"}}],"inLanguage":"es-CL"}]}},"_links":{"self":[{"href":"https:\/\/www.drpen.cl\/index.php\/wp-json\/wp\/v2\/product\/8515","targetHints":{"allow":["GET"]}}],"collection":[{"href":"https:\/\/www.drpen.cl\/index.php\/wp-json\/wp\/v2\/product"}],"about":[{"href":"https:\/\/www.drpen.cl\/index.php\/wp-json\/wp\/v2\/types\/product"}],"replies":[{"embeddable":true,"href":"https:\/\/www.drpen.cl\/index.php\/wp-json\/wp\/v2\/comments?post=8515"}],"wp:featuredmedia":[{"embeddable":true,"href":"https:\/\/www.drpen.cl\/index.php\/wp-json\/wp\/v2\/media\/8637"}],"wp:attachment":[{"href":"https:\/\/www.drpen.cl\/index.php\/wp-json\/wp\/v2\/media?parent=8515"}],"wp:term":[{"taxonomy":"product_brand","embeddable":true,"href":"https:\/\/www.drpen.cl\/index.php\/wp-json\/wp\/v2\/product_brand?post=8515"},{"taxonomy":"product_cat","embeddable":true,"href":"https:\/\/www.drpen.cl\/index.php\/wp-json\/wp\/v2\/product_cat?post=8515"},{"taxonomy":"product_tag","embeddable":true,"href":"https:\/\/www.drpen.cl\/index.php\/wp-json\/wp\/v2\/product_tag?post=8515"}],"curies":[{"name":"wp","href":"https:\/\/api.w.org\/{rel}","templated":true}]}}