{"id":8522,"date":"2023-09-08T16:01:49","date_gmt":"2023-09-08T20:01:49","guid":{"rendered":"https:\/\/www.drpen.cl\/?post_type=product&#038;p=8522"},"modified":"2026-04-15T11:25:00","modified_gmt":"2026-04-15T15:25:00","slug":"hydrapen-h3","status":"publish","type":"product","link":"https:\/\/www.drpen.cl\/index.php\/producto\/hydrapen-h3\/","title":{"rendered":"Hydrapen H3"},"content":{"rendered":"<p>[vc_row][vc_column][vc_column_text woodmart_inline=&#8221;no&#8221; text_larger=&#8221;no&#8221;]HydraPen H3 Es una tecnolog\u00eda innovadora en el campo de la est\u00e9tica que no solo aprovecha las ventajas del dermaroller y el dermapen, sino que, adem\u00e1s funciona con su cartucho patentado para aplicar el suero o la esencia autom\u00e1ticamente sobre la piel.<\/p>\n<p><strong>Ventajas del Hydrapen H3<\/strong><\/p>\n<p>Salida de l\u00edquido ajustable: Para adaptar los fluidos con diferentes consistencias, hay tres niveles ajustables de salida. La salida de cada fluido se puede controlar con la velocidad configurada. Cuanto mayor sea la velocidad aplicada, mayor ser\u00e1 la frecuencia de salida del fluido a la piel y viceversa.<\/p>\n<p><strong>Tres tipos de agujas para resolver distintos problemas de piel<\/strong><\/p>\n<p>H12: Remueve depresiones y marcas de acn\u00e9, cicatrices y estr\u00edas<\/p>\n<p>NANO-HR: Blanquea la piel, humecta y retrae,\u00a0 desvanece las l\u00edneas finas y BB Glow.<\/p>\n<p>NANO-HS: Para l\u00edneas finas alrededor de los ojos, m\u00fasculos sensibles y reducir poros.<\/p>\n<p><strong>Aplicaci\u00f3n autom\u00e1tica de serum<\/strong><\/p>\n<p>Cuando los cartuchos act\u00faan sobre la piel de arriba abajo, las microagujas perforan la epidermis y abren miles de finos canales. En este momento, la esencia l\u00edquida penetrar\u00e1 autom\u00e1ticamente desde el aplicador y llegar\u00e1 a la piel profunda de manera uniforme, con una tasa de absorci\u00f3n hasta un 90 % superior a la de la aplicaci\u00f3n manual. Con la funci\u00f3n de microaguja, la reparaci\u00f3n del tejido de la piel se puede iniciar r\u00e1pidamente, estimular la regeneraci\u00f3n celular, restaurar la vitalidad y la elasticidad de la piel y duplicar el efecto curativo.[\/vc_column_text][\/vc_column][\/vc_row]<\/p>\n","protected":false},"excerpt":{"rendered":"<p>[vc_row][vc_column][vc_column_text woodmart_inline=&#8221;no&#8221; text_larger=&#8221;no&#8221;]HydraPen H3 Es una tecnolog\u00eda innovadora en el campo de la est\u00e9tica que no solo aprovecha las ventajas<\/p>\n","protected":false},"featured_media":8555,"comment_status":"open","ping_status":"closed","template":"","meta":[],"product_brand":[],"product_cat":[112,104],"product_tag":[111,110],"class_list":{"0":"post-8522","1":"product","2":"type-product","3":"status-publish","4":"has-post-thumbnail","6":"product_cat-equipos","7":"product_cat-hydrapen","8":"product_tag-hydrapen","9":"product_tag-hydrapen-h3","11":"first","12":"instock","13":"sale","14":"taxable","15":"shipping-taxable","16":"purchasable","17":"product-type-simple"},"yoast_head":"<!-- This site is optimized with the Yoast SEO plugin v27.4 - https:\/\/yoast.com\/product\/yoast-seo-wordpress\/ -->\n<title>Hydrapen H3 - Dr Pen Chile<\/title>\n<meta name=\"description\" content=\"El HydraPen H3 Inal\u00e1mbrico es un dispositivo para tratamientos faciales y corporales con mesoterapia de microagujas autom\u00e1ticas\" \/>\n<meta name=\"robots\" content=\"index, follow, max-snippet:-1, max-image-preview:large, max-video-preview:-1\" \/>\n<link rel=\"canonical\" href=\"https:\/\/www.drpen.cl\/index.php\/producto\/hydrapen-h3\/\" \/>\n<meta property=\"og:locale\" content=\"es_ES\" \/>\n<meta property=\"og:type\" content=\"article\" \/>\n<meta property=\"og:title\" content=\"Hydrapen H3 - Dr Pen Chile\" \/>\n<meta property=\"og:description\" content=\"El HydraPen H3 Inal\u00e1mbrico es un dispositivo para tratamientos faciales y corporales con mesoterapia de microagujas autom\u00e1ticas\" \/>\n<meta property=\"og:url\" content=\"https:\/\/www.drpen.cl\/index.php\/producto\/hydrapen-h3\/\" \/>\n<meta property=\"og:site_name\" content=\"Dr Pen Chile\" \/>\n<meta property=\"article:modified_time\" content=\"2026-04-15T15:25:00+00:00\" \/>\n<meta property=\"og:image\" content=\"https:\/\/www.drpen.cl\/wp-content\/uploads\/2023\/09\/hydrapen-H3-caja.jpg\" \/>\n\t<meta property=\"og:image:width\" content=\"1000\" \/>\n\t<meta property=\"og:image:height\" content=\"1000\" \/>\n\t<meta property=\"og:image:type\" content=\"image\/jpeg\" \/>\n<meta name=\"twitter:card\" content=\"summary_large_image\" \/>\n<meta name=\"twitter:label1\" content=\"Tiempo estimado de lectura\" \/>\n\t<meta name=\"twitter:data1\" content=\"2 minutos\" \/>\n<script type=\"application\/ld+json\" class=\"yoast-schema-graph\">{\"@context\":\"https:\\\/\\\/schema.org\",\"@graph\":[{\"@type\":\"WebPage\",\"@id\":\"https:\\\/\\\/www.drpen.cl\\\/index.php\\\/producto\\\/hydrapen-h3\\\/\",\"url\":\"https:\\\/\\\/www.drpen.cl\\\/index.php\\\/producto\\\/hydrapen-h3\\\/\",\"name\":\"Hydrapen H3 - Dr Pen Chile\",\"isPartOf\":{\"@id\":\"https:\\\/\\\/www.drpen.cl\\\/#website\"},\"primaryImageOfPage\":{\"@id\":\"https:\\\/\\\/www.drpen.cl\\\/index.php\\\/producto\\\/hydrapen-h3\\\/#primaryimage\"},\"image\":{\"@id\":\"https:\\\/\\\/www.drpen.cl\\\/index.php\\\/producto\\\/hydrapen-h3\\\/#primaryimage\"},\"thumbnailUrl\":\"https:\\\/\\\/www.drpen.cl\\\/wp-content\\\/uploads\\\/2023\\\/09\\\/hydrapen-H3-caja.jpg\",\"datePublished\":\"2023-09-08T20:01:49+00:00\",\"dateModified\":\"2026-04-15T15:25:00+00:00\",\"description\":\"El HydraPen H3 Inal\u00e1mbrico es un dispositivo para tratamientos faciales y corporales con mesoterapia de microagujas autom\u00e1ticas\",\"breadcrumb\":{\"@id\":\"https:\\\/\\\/www.drpen.cl\\\/index.php\\\/producto\\\/hydrapen-h3\\\/#breadcrumb\"},\"inLanguage\":\"es-CL\",\"potentialAction\":[{\"@type\":\"ReadAction\",\"target\":[\"https:\\\/\\\/www.drpen.cl\\\/index.php\\\/producto\\\/hydrapen-h3\\\/\"]}]},{\"@type\":\"ImageObject\",\"inLanguage\":\"es-CL\",\"@id\":\"https:\\\/\\\/www.drpen.cl\\\/index.php\\\/producto\\\/hydrapen-h3\\\/#primaryimage\",\"url\":\"https:\\\/\\\/www.drpen.cl\\\/wp-content\\\/uploads\\\/2023\\\/09\\\/hydrapen-H3-caja.jpg\",\"contentUrl\":\"https:\\\/\\\/www.drpen.cl\\\/wp-content\\\/uploads\\\/2023\\\/09\\\/hydrapen-H3-caja.jpg\",\"width\":1000,\"height\":1000,\"caption\":\"Hydrapen H3\"},{\"@type\":\"BreadcrumbList\",\"@id\":\"https:\\\/\\\/www.drpen.cl\\\/index.php\\\/producto\\\/hydrapen-h3\\\/#breadcrumb\",\"itemListElement\":[{\"@type\":\"ListItem\",\"position\":1,\"name\":\"Portada\",\"item\":\"https:\\\/\\\/www.drpen.cl\\\/\"},{\"@type\":\"ListItem\",\"position\":2,\"name\":\"Tienda\",\"item\":\"https:\\\/\\\/www.drpen.cl\\\/index.php\\\/tienda\\\/\"},{\"@type\":\"ListItem\",\"position\":3,\"name\":\"Hydrapen H3\"}]},{\"@type\":\"WebSite\",\"@id\":\"https:\\\/\\\/www.drpen.cl\\\/#website\",\"url\":\"https:\\\/\\\/www.drpen.cl\\\/\",\"name\":\"Dr Pen Chile\",\"description\":\"Microneedle System\",\"potentialAction\":[{\"@type\":\"SearchAction\",\"target\":{\"@type\":\"EntryPoint\",\"urlTemplate\":\"https:\\\/\\\/www.drpen.cl\\\/?s={search_term_string}\"},\"query-input\":{\"@type\":\"PropertyValueSpecification\",\"valueRequired\":true,\"valueName\":\"search_term_string\"}}],\"inLanguage\":\"es-CL\"}]}<\/script>\n<!-- \/ Yoast SEO plugin. -->","yoast_head_json":{"title":"Hydrapen H3 - Dr Pen Chile","description":"El HydraPen H3 Inal\u00e1mbrico es un dispositivo para tratamientos faciales y corporales con mesoterapia de microagujas autom\u00e1ticas","robots":{"index":"index","follow":"follow","max-snippet":"max-snippet:-1","max-image-preview":"max-image-preview:large","max-video-preview":"max-video-preview:-1"},"canonical":"https:\/\/www.drpen.cl\/index.php\/producto\/hydrapen-h3\/","og_locale":"es_ES","og_type":"article","og_title":"Hydrapen H3 - Dr Pen Chile","og_description":"El HydraPen H3 Inal\u00e1mbrico es un dispositivo para tratamientos faciales y corporales con mesoterapia de microagujas autom\u00e1ticas","og_url":"https:\/\/www.drpen.cl\/index.php\/producto\/hydrapen-h3\/","og_site_name":"Dr Pen Chile","article_modified_time":"2026-04-15T15:25:00+00:00","og_image":[{"width":1000,"height":1000,"url":"https:\/\/www.drpen.cl\/wp-content\/uploads\/2023\/09\/hydrapen-H3-caja.jpg","type":"image\/jpeg"}],"twitter_card":"summary_large_image","twitter_misc":{"Tiempo estimado de lectura":"2 minutos"},"schema":{"@context":"https:\/\/schema.org","@graph":[{"@type":"WebPage","@id":"https:\/\/www.drpen.cl\/index.php\/producto\/hydrapen-h3\/","url":"https:\/\/www.drpen.cl\/index.php\/producto\/hydrapen-h3\/","name":"Hydrapen H3 - Dr Pen Chile","isPartOf":{"@id":"https:\/\/www.drpen.cl\/#website"},"primaryImageOfPage":{"@id":"https:\/\/www.drpen.cl\/index.php\/producto\/hydrapen-h3\/#primaryimage"},"image":{"@id":"https:\/\/www.drpen.cl\/index.php\/producto\/hydrapen-h3\/#primaryimage"},"thumbnailUrl":"https:\/\/www.drpen.cl\/wp-content\/uploads\/2023\/09\/hydrapen-H3-caja.jpg","datePublished":"2023-09-08T20:01:49+00:00","dateModified":"2026-04-15T15:25:00+00:00","description":"El HydraPen H3 Inal\u00e1mbrico es un dispositivo para tratamientos faciales y corporales con mesoterapia de microagujas autom\u00e1ticas","breadcrumb":{"@id":"https:\/\/www.drpen.cl\/index.php\/producto\/hydrapen-h3\/#breadcrumb"},"inLanguage":"es-CL","potentialAction":[{"@type":"ReadAction","target":["https:\/\/www.drpen.cl\/index.php\/producto\/hydrapen-h3\/"]}]},{"@type":"ImageObject","inLanguage":"es-CL","@id":"https:\/\/www.drpen.cl\/index.php\/producto\/hydrapen-h3\/#primaryimage","url":"https:\/\/www.drpen.cl\/wp-content\/uploads\/2023\/09\/hydrapen-H3-caja.jpg","contentUrl":"https:\/\/www.drpen.cl\/wp-content\/uploads\/2023\/09\/hydrapen-H3-caja.jpg","width":1000,"height":1000,"caption":"Hydrapen H3"},{"@type":"BreadcrumbList","@id":"https:\/\/www.drpen.cl\/index.php\/producto\/hydrapen-h3\/#breadcrumb","itemListElement":[{"@type":"ListItem","position":1,"name":"Portada","item":"https:\/\/www.drpen.cl\/"},{"@type":"ListItem","position":2,"name":"Tienda","item":"https:\/\/www.drpen.cl\/index.php\/tienda\/"},{"@type":"ListItem","position":3,"name":"Hydrapen H3"}]},{"@type":"WebSite","@id":"https:\/\/www.drpen.cl\/#website","url":"https:\/\/www.drpen.cl\/","name":"Dr Pen Chile","description":"Microneedle System","potentialAction":[{"@type":"SearchAction","target":{"@type":"EntryPoint","urlTemplate":"https:\/\/www.drpen.cl\/?s={search_term_string}"},"query-input":{"@type":"PropertyValueSpecification","valueRequired":true,"valueName":"search_term_string"}}],"inLanguage":"es-CL"}]}},"_links":{"self":[{"href":"https:\/\/www.drpen.cl\/index.php\/wp-json\/wp\/v2\/product\/8522","targetHints":{"allow":["GET"]}}],"collection":[{"href":"https:\/\/www.drpen.cl\/index.php\/wp-json\/wp\/v2\/product"}],"about":[{"href":"https:\/\/www.drpen.cl\/index.php\/wp-json\/wp\/v2\/types\/product"}],"replies":[{"embeddable":true,"href":"https:\/\/www.drpen.cl\/index.php\/wp-json\/wp\/v2\/comments?post=8522"}],"wp:featuredmedia":[{"embeddable":true,"href":"https:\/\/www.drpen.cl\/index.php\/wp-json\/wp\/v2\/media\/8555"}],"wp:attachment":[{"href":"https:\/\/www.drpen.cl\/index.php\/wp-json\/wp\/v2\/media?parent=8522"}],"wp:term":[{"taxonomy":"product_brand","embeddable":true,"href":"https:\/\/www.drpen.cl\/index.php\/wp-json\/wp\/v2\/product_brand?post=8522"},{"taxonomy":"product_cat","embeddable":true,"href":"https:\/\/www.drpen.cl\/index.php\/wp-json\/wp\/v2\/product_cat?post=8522"},{"taxonomy":"product_tag","embeddable":true,"href":"https:\/\/www.drpen.cl\/index.php\/wp-json\/wp\/v2\/product_tag?post=8522"}],"curies":[{"name":"wp","href":"https:\/\/api.w.org\/{rel}","templated":true}]}}