{"id":8760,"date":"2024-05-02T19:13:40","date_gmt":"2024-05-02T23:13:40","guid":{"rendered":"https:\/\/www.drpen.cl\/?post_type=product&#038;p=8760"},"modified":"2025-08-31T22:23:09","modified_gmt":"2025-09-01T02:23:09","slug":"biopen-t6","status":"publish","type":"product","link":"https:\/\/www.drpen.cl\/index.php\/producto\/biopen-t6\/","title":{"rendered":"BioPen T6"},"content":{"rendered":"<p>[vc_row][vc_column][vc_column_text woodmart_inline=&#8221;no&#8221; text_larger=&#8221;no&#8221;]El BioPen T6 es un instrumento de belleza que integra cuatro funciones de radiofrecuencia (RF), microcorriente (EMS), lifting el\u00e9ctrico de la piel y terapia con luz azul. Dispone de un potente sistema de control inteligente incorporado. El ajuste de las tres funciones principales de radiofrecuencia, microcorriente y masaje puede realizar una clasificaci\u00f3n personalizada del cuidado de la piel para la frente, el \u00e1rea de los ojos, la cara, la l\u00ednea de la mand\u00edbula, el cuello, la espalda, el abdomen, las piernas, los brazos y otras partes.<\/p>\n<p>Al mismo tiempo, el BioPen T6 cuenta con un sistema de control de tiempo inteligente, que puede personalizar el tiempo de trabajo para satisfacer diferentes necesidades; entre ellos, los tres modos de lifting el\u00e9ctrico de la piel se pueden superponer con radiofrecuencia, microcorriente y luz azul para mejorar el efecto de embellecimiento de la piel.<\/p>\n<p><strong>Electric Skin Lifting, Blue Light, EMS<\/strong><\/p>\n<p>EMS aumenta la actividad celular, promueve el movimiento muscular y restaura la elasticidad de la piel. Puede aumentar la circulaci\u00f3n sangu\u00ednea de los capilares y promover la absorci\u00f3n de nutrientes por el tejido de esqu\u00ed.<\/p>\n<p><strong>Electric Skin Lifting, Radio Frequency, Blue Light<\/strong><\/p>\n<p>La terapia de calentamiento de la piel puede estimular la regeneraci\u00f3n del col\u00e1geno en la dermis. Se puede combinar con un lifting cut\u00e1neo el\u00e9ctrico para realizar un n\u00facleo cut\u00e1neo a gran escala.<\/p>\n<p>Al mismo tiempo, puede controlar la temperatura de la piel para mejorar la eficiencia del cuidado de la piel, reducir las arrugas y tensar la piel.<\/p>\n<p><strong>Electric Skin Lifting and Blue Light<\/strong><\/p>\n<p>La luz azul puede reducir la inflamaci\u00f3n y la pigmentaci\u00f3n, mejorar el efecto de belleza, combinada con radiofrecuencia, EMS y rotaci\u00f3n, puede lograr el doble de resultado con la mitad de esfuerzo.[\/vc_column_text][\/vc_column][\/vc_row]<\/p>\n","protected":false},"excerpt":{"rendered":"<p>[vc_row][vc_column][vc_column_text woodmart_inline=&#8221;no&#8221; text_larger=&#8221;no&#8221;]El BioPen T6 es un instrumento de belleza que integra cuatro funciones de radiofrecuencia (RF), microcorriente (EMS), lifting<\/p>\n","protected":false},"featured_media":8761,"comment_status":"open","ping_status":"closed","template":"","meta":[],"product_brand":[],"product_cat":[123,112],"product_tag":[111,110],"class_list":{"0":"post-8760","1":"product","2":"type-product","3":"status-publish","4":"has-post-thumbnail","6":"product_cat-cat-biopen-t6","7":"product_cat-equipos","8":"product_tag-hydrapen","9":"product_tag-hydrapen-h3","11":"first","12":"instock","13":"taxable","14":"shipping-taxable","15":"purchasable","16":"product-type-simple"},"yoast_head":"<!-- This site is optimized with the Yoast SEO plugin v27.4 - https:\/\/yoast.com\/product\/yoast-seo-wordpress\/ -->\n<title>BioPen T6 - Dr Pen Chile<\/title>\n<meta name=\"description\" content=\"BioPen T6. Cuatro funciones de radiofrecuencia (RF), microcorriente (EMS), lifting el\u00e9ctrico de la piel y terapia con luz azul.\" \/>\n<meta name=\"robots\" content=\"index, follow, max-snippet:-1, max-image-preview:large, max-video-preview:-1\" \/>\n<link rel=\"canonical\" href=\"https:\/\/www.drpen.cl\/index.php\/producto\/biopen-t6\/\" \/>\n<meta property=\"og:locale\" content=\"es_ES\" \/>\n<meta property=\"og:type\" content=\"article\" \/>\n<meta property=\"og:title\" content=\"BioPen T6 - Dr Pen Chile\" \/>\n<meta property=\"og:description\" content=\"BioPen T6. Cuatro funciones de radiofrecuencia (RF), microcorriente (EMS), lifting el\u00e9ctrico de la piel y terapia con luz azul.\" \/>\n<meta property=\"og:url\" content=\"https:\/\/www.drpen.cl\/index.php\/producto\/biopen-t6\/\" \/>\n<meta property=\"og:site_name\" content=\"Dr Pen Chile\" \/>\n<meta property=\"article:modified_time\" content=\"2025-09-01T02:23:09+00:00\" \/>\n<meta property=\"og:image\" content=\"https:\/\/www.drpen.cl\/wp-content\/uploads\/2024\/05\/biopent6-1.jpg\" \/>\n\t<meta property=\"og:image:width\" content=\"800\" \/>\n\t<meta property=\"og:image:height\" content=\"800\" \/>\n\t<meta property=\"og:image:type\" content=\"image\/jpeg\" \/>\n<meta name=\"twitter:card\" content=\"summary_large_image\" \/>\n<meta name=\"twitter:label1\" content=\"Tiempo estimado de lectura\" \/>\n\t<meta name=\"twitter:data1\" content=\"2 minutos\" \/>\n<script type=\"application\/ld+json\" class=\"yoast-schema-graph\">{\"@context\":\"https:\\\/\\\/schema.org\",\"@graph\":[{\"@type\":\"WebPage\",\"@id\":\"https:\\\/\\\/www.drpen.cl\\\/index.php\\\/producto\\\/biopen-t6\\\/\",\"url\":\"https:\\\/\\\/www.drpen.cl\\\/index.php\\\/producto\\\/biopen-t6\\\/\",\"name\":\"BioPen T6 - Dr Pen Chile\",\"isPartOf\":{\"@id\":\"https:\\\/\\\/www.drpen.cl\\\/#website\"},\"primaryImageOfPage\":{\"@id\":\"https:\\\/\\\/www.drpen.cl\\\/index.php\\\/producto\\\/biopen-t6\\\/#primaryimage\"},\"image\":{\"@id\":\"https:\\\/\\\/www.drpen.cl\\\/index.php\\\/producto\\\/biopen-t6\\\/#primaryimage\"},\"thumbnailUrl\":\"https:\\\/\\\/www.drpen.cl\\\/wp-content\\\/uploads\\\/2024\\\/05\\\/biopent6-1.jpg\",\"datePublished\":\"2024-05-02T23:13:40+00:00\",\"dateModified\":\"2025-09-01T02:23:09+00:00\",\"description\":\"BioPen T6. Cuatro funciones de radiofrecuencia (RF), microcorriente (EMS), lifting el\u00e9ctrico de la piel y terapia con luz azul.\",\"breadcrumb\":{\"@id\":\"https:\\\/\\\/www.drpen.cl\\\/index.php\\\/producto\\\/biopen-t6\\\/#breadcrumb\"},\"inLanguage\":\"es-CL\",\"potentialAction\":[{\"@type\":\"ReadAction\",\"target\":[\"https:\\\/\\\/www.drpen.cl\\\/index.php\\\/producto\\\/biopen-t6\\\/\"]}]},{\"@type\":\"ImageObject\",\"inLanguage\":\"es-CL\",\"@id\":\"https:\\\/\\\/www.drpen.cl\\\/index.php\\\/producto\\\/biopen-t6\\\/#primaryimage\",\"url\":\"https:\\\/\\\/www.drpen.cl\\\/wp-content\\\/uploads\\\/2024\\\/05\\\/biopent6-1.jpg\",\"contentUrl\":\"https:\\\/\\\/www.drpen.cl\\\/wp-content\\\/uploads\\\/2024\\\/05\\\/biopent6-1.jpg\",\"width\":800,\"height\":800,\"caption\":\"BioPen T6\"},{\"@type\":\"BreadcrumbList\",\"@id\":\"https:\\\/\\\/www.drpen.cl\\\/index.php\\\/producto\\\/biopen-t6\\\/#breadcrumb\",\"itemListElement\":[{\"@type\":\"ListItem\",\"position\":1,\"name\":\"Portada\",\"item\":\"https:\\\/\\\/www.drpen.cl\\\/\"},{\"@type\":\"ListItem\",\"position\":2,\"name\":\"Tienda\",\"item\":\"https:\\\/\\\/www.drpen.cl\\\/index.php\\\/tienda\\\/\"},{\"@type\":\"ListItem\",\"position\":3,\"name\":\"BioPen T6\"}]},{\"@type\":\"WebSite\",\"@id\":\"https:\\\/\\\/www.drpen.cl\\\/#website\",\"url\":\"https:\\\/\\\/www.drpen.cl\\\/\",\"name\":\"Dr Pen Chile\",\"description\":\"Microneedle System\",\"potentialAction\":[{\"@type\":\"SearchAction\",\"target\":{\"@type\":\"EntryPoint\",\"urlTemplate\":\"https:\\\/\\\/www.drpen.cl\\\/?s={search_term_string}\"},\"query-input\":{\"@type\":\"PropertyValueSpecification\",\"valueRequired\":true,\"valueName\":\"search_term_string\"}}],\"inLanguage\":\"es-CL\"}]}<\/script>\n<!-- \/ Yoast SEO plugin. -->","yoast_head_json":{"title":"BioPen T6 - Dr Pen Chile","description":"BioPen T6. Cuatro funciones de radiofrecuencia (RF), microcorriente (EMS), lifting el\u00e9ctrico de la piel y terapia con luz azul.","robots":{"index":"index","follow":"follow","max-snippet":"max-snippet:-1","max-image-preview":"max-image-preview:large","max-video-preview":"max-video-preview:-1"},"canonical":"https:\/\/www.drpen.cl\/index.php\/producto\/biopen-t6\/","og_locale":"es_ES","og_type":"article","og_title":"BioPen T6 - Dr Pen Chile","og_description":"BioPen T6. Cuatro funciones de radiofrecuencia (RF), microcorriente (EMS), lifting el\u00e9ctrico de la piel y terapia con luz azul.","og_url":"https:\/\/www.drpen.cl\/index.php\/producto\/biopen-t6\/","og_site_name":"Dr Pen Chile","article_modified_time":"2025-09-01T02:23:09+00:00","og_image":[{"width":800,"height":800,"url":"https:\/\/www.drpen.cl\/wp-content\/uploads\/2024\/05\/biopent6-1.jpg","type":"image\/jpeg"}],"twitter_card":"summary_large_image","twitter_misc":{"Tiempo estimado de lectura":"2 minutos"},"schema":{"@context":"https:\/\/schema.org","@graph":[{"@type":"WebPage","@id":"https:\/\/www.drpen.cl\/index.php\/producto\/biopen-t6\/","url":"https:\/\/www.drpen.cl\/index.php\/producto\/biopen-t6\/","name":"BioPen T6 - Dr Pen Chile","isPartOf":{"@id":"https:\/\/www.drpen.cl\/#website"},"primaryImageOfPage":{"@id":"https:\/\/www.drpen.cl\/index.php\/producto\/biopen-t6\/#primaryimage"},"image":{"@id":"https:\/\/www.drpen.cl\/index.php\/producto\/biopen-t6\/#primaryimage"},"thumbnailUrl":"https:\/\/www.drpen.cl\/wp-content\/uploads\/2024\/05\/biopent6-1.jpg","datePublished":"2024-05-02T23:13:40+00:00","dateModified":"2025-09-01T02:23:09+00:00","description":"BioPen T6. Cuatro funciones de radiofrecuencia (RF), microcorriente (EMS), lifting el\u00e9ctrico de la piel y terapia con luz azul.","breadcrumb":{"@id":"https:\/\/www.drpen.cl\/index.php\/producto\/biopen-t6\/#breadcrumb"},"inLanguage":"es-CL","potentialAction":[{"@type":"ReadAction","target":["https:\/\/www.drpen.cl\/index.php\/producto\/biopen-t6\/"]}]},{"@type":"ImageObject","inLanguage":"es-CL","@id":"https:\/\/www.drpen.cl\/index.php\/producto\/biopen-t6\/#primaryimage","url":"https:\/\/www.drpen.cl\/wp-content\/uploads\/2024\/05\/biopent6-1.jpg","contentUrl":"https:\/\/www.drpen.cl\/wp-content\/uploads\/2024\/05\/biopent6-1.jpg","width":800,"height":800,"caption":"BioPen T6"},{"@type":"BreadcrumbList","@id":"https:\/\/www.drpen.cl\/index.php\/producto\/biopen-t6\/#breadcrumb","itemListElement":[{"@type":"ListItem","position":1,"name":"Portada","item":"https:\/\/www.drpen.cl\/"},{"@type":"ListItem","position":2,"name":"Tienda","item":"https:\/\/www.drpen.cl\/index.php\/tienda\/"},{"@type":"ListItem","position":3,"name":"BioPen T6"}]},{"@type":"WebSite","@id":"https:\/\/www.drpen.cl\/#website","url":"https:\/\/www.drpen.cl\/","name":"Dr Pen Chile","description":"Microneedle System","potentialAction":[{"@type":"SearchAction","target":{"@type":"EntryPoint","urlTemplate":"https:\/\/www.drpen.cl\/?s={search_term_string}"},"query-input":{"@type":"PropertyValueSpecification","valueRequired":true,"valueName":"search_term_string"}}],"inLanguage":"es-CL"}]}},"_links":{"self":[{"href":"https:\/\/www.drpen.cl\/index.php\/wp-json\/wp\/v2\/product\/8760","targetHints":{"allow":["GET"]}}],"collection":[{"href":"https:\/\/www.drpen.cl\/index.php\/wp-json\/wp\/v2\/product"}],"about":[{"href":"https:\/\/www.drpen.cl\/index.php\/wp-json\/wp\/v2\/types\/product"}],"replies":[{"embeddable":true,"href":"https:\/\/www.drpen.cl\/index.php\/wp-json\/wp\/v2\/comments?post=8760"}],"wp:featuredmedia":[{"embeddable":true,"href":"https:\/\/www.drpen.cl\/index.php\/wp-json\/wp\/v2\/media\/8761"}],"wp:attachment":[{"href":"https:\/\/www.drpen.cl\/index.php\/wp-json\/wp\/v2\/media?parent=8760"}],"wp:term":[{"taxonomy":"product_brand","embeddable":true,"href":"https:\/\/www.drpen.cl\/index.php\/wp-json\/wp\/v2\/product_brand?post=8760"},{"taxonomy":"product_cat","embeddable":true,"href":"https:\/\/www.drpen.cl\/index.php\/wp-json\/wp\/v2\/product_cat?post=8760"},{"taxonomy":"product_tag","embeddable":true,"href":"https:\/\/www.drpen.cl\/index.php\/wp-json\/wp\/v2\/product_tag?post=8760"}],"curies":[{"name":"wp","href":"https:\/\/api.w.org\/{rel}","templated":true}]}}