{"id":8914,"date":"2025-01-28T14:03:11","date_gmt":"2025-01-28T18:03:11","guid":{"rendered":"https:\/\/www.drpen.cl\/?post_type=product&#038;p=8914"},"modified":"2026-03-30T21:44:10","modified_gmt":"2026-03-31T01:44:10","slug":"hydrapen-h5","status":"publish","type":"product","link":"https:\/\/www.drpen.cl\/index.php\/producto\/hydrapen-h5\/","title":{"rendered":"Hydrapen H5"},"content":{"rendered":"<p>[vc_row][vc_column][vc_column_text woodmart_inline=&#8221;no&#8221; text_larger=&#8221;no&#8221;]<span style=\"font-weight: 400;\">El<em><strong> HydraPen H5 de Dr Pen<\/strong><\/em> es una versi\u00f3n mejorada del dispositivo Hydrapen H3 de Dr.Pen.<\/span><\/p>\n<p><span style=\"font-weight: 400;\">Redise\u00f1ado pensando en los usuarios, el <em><strong>HydraPen H5<\/strong><\/em> ofrece la comodidad y precisi\u00f3n de los tratamientos de microagujas al tiempo que mejora sus beneficios complementando los efectos con la microcorriente (EMS).<\/span><\/p>\n<p><span style=\"font-weight: 400;\">Otra de las innovaciones en esta versi\u00f3n es que hace posible que puedas colocar los principios activos y graduar el flujo de la cantidad que ir\u00e1 saliendo autom\u00e1ticamente durante el procedimiento.<\/span><\/p>\n<h2>Caracter\u00edsticas del dermapen <span style=\"font-weight: 400;\"><em><strong>HydraPen H5<\/strong><\/em><\/span><\/h2>\n<ul>\n<li>Equipo inal\u00e1mbrico recargable.<\/li>\n<li>6 velocidades con display digital inteligente.<\/li>\n<li>4 polos de microcorriente para electroestimulaci\u00f3n muscular EMS<\/li>\n<li>Profundidad ajustable desde 0,25mm a 1mm.<\/li>\n<li>Utiliza cartuchos de seguridad de 12, 24 y 36 pines, as\u00ed como nano pines, con contenedor de l\u00edquidos.<\/li>\n<li>Contenedor de l\u00edquidos de 3 ml.<\/li>\n<li>Regulaci\u00f3n de salida de fluidos en 3 niveles.<\/li>\n<li>Equipo de aleaci\u00f3n aluminio y titanio.<\/li>\n<li>Nuevo dise\u00f1o m\u00e1s ergon\u00f3mico.<\/li>\n<li>Base de descanso que permite el pausado inteligente.<\/li>\n<\/ul>\n<h3><b>Los beneficios del<\/b><b> <span style=\"font-weight: 400;\"><em><strong>HydraPen H5<\/strong><\/em><\/span>\u00a0<\/b><b>incluyen la apariencia mejorada de:\u00a0<\/b><\/h3>\n<ul>\n<li style=\"font-weight: 400;\"><span style=\"font-weight: 400;\">L\u00edneas finas y arrugas<\/span><\/li>\n<li style=\"font-weight: 400;\"><span style=\"font-weight: 400;\">Cicatrices de acn\u00e9 y otras cicatrices<\/span><\/li>\n<li style=\"font-weight: 400;\"><span style=\"font-weight: 400;\">Cicatrices Quir\u00fargicas<\/span><\/li>\n<li style=\"font-weight: 400;\"><span style=\"font-weight: 400;\">Estr\u00edas<\/span><\/li>\n<li style=\"font-weight: 400;\"><span style=\"font-weight: 400;\">Piel suelta\/p\u00e9rdida de elasticidad<\/span><\/li>\n<li style=\"font-weight: 400;\"><span style=\"font-weight: 400;\">Perdida de cabello\u00a0<\/span><\/li>\n<li style=\"font-weight: 400;\"><span style=\"font-weight: 400;\">Hiperpigmentaci\u00f3n<\/span><\/li>\n<li style=\"font-weight: 400;\"><span style=\"font-weight: 400;\">Da\u00f1o del sol\u00a0<\/span><\/li>\n<li style=\"font-weight: 400;\"><span style=\"font-weight: 400;\">Textura y tono general de la piel (piel suave y un tono de piel uniforme)<\/span><\/li>\n<li style=\"font-weight: 400;\"><span style=\"font-weight: 400;\">Tono de piel opaco (ilumina la piel)<\/span><\/li>\n<\/ul>\n<p>Actualice a Hydra Pen H5 para experimentar sus caracter\u00edsticas avanzadas, tratamientos personalizables, penetraci\u00f3n de esencia mejorada y control conveniente de la bater\u00eda, elevando su rutina de cuidado de la piel a nuevas alturas.[\/vc_column_text][\/vc_column][\/vc_row]<\/p>\n","protected":false},"excerpt":{"rendered":"<p>[vc_row][vc_column][vc_column_text woodmart_inline=&#8221;no&#8221; text_larger=&#8221;no&#8221;]El HydraPen H5 de Dr Pen es una versi\u00f3n mejorada del dispositivo Hydrapen H3 de Dr.Pen. Redise\u00f1ado pensando<\/p>\n","protected":false},"featured_media":8916,"comment_status":"open","ping_status":"closed","template":"","meta":[],"product_brand":[],"product_cat":[112,104],"product_tag":[111,124],"class_list":{"0":"post-8914","1":"product","2":"type-product","3":"status-publish","4":"has-post-thumbnail","6":"product_cat-equipos","7":"product_cat-hydrapen","8":"product_tag-hydrapen","9":"product_tag-hydrapen-h5","11":"first","12":"instock","13":"sale","14":"taxable","15":"shipping-taxable","16":"purchasable","17":"product-type-simple"},"yoast_head":"<!-- This site is optimized with the Yoast SEO plugin v27.4 - https:\/\/yoast.com\/product\/yoast-seo-wordpress\/ -->\n<title>Hydrapen H5 - Dr Pen Chile<\/title>\n<meta name=\"description\" content=\"HydraPen H5: Dispositivo de microagujas con EMS, flujo ajustable de activos y dise\u00f1o ergon\u00f3mico para mejorar la piel y tratar arrugas, cicatrices y m\u00e1s.\" \/>\n<meta name=\"robots\" content=\"index, follow, max-snippet:-1, max-image-preview:large, max-video-preview:-1\" \/>\n<link rel=\"canonical\" href=\"https:\/\/www.drpen.cl\/index.php\/producto\/hydrapen-h5\/\" \/>\n<meta property=\"og:locale\" content=\"es_ES\" \/>\n<meta property=\"og:type\" content=\"article\" \/>\n<meta property=\"og:title\" content=\"Hydrapen H5 - Dr Pen Chile\" \/>\n<meta property=\"og:description\" content=\"HydraPen H5: Dispositivo de microagujas con EMS, flujo ajustable de activos y dise\u00f1o ergon\u00f3mico para mejorar la piel y tratar arrugas, cicatrices y m\u00e1s.\" \/>\n<meta property=\"og:url\" content=\"https:\/\/www.drpen.cl\/index.php\/producto\/hydrapen-h5\/\" \/>\n<meta property=\"og:site_name\" content=\"Dr Pen Chile\" \/>\n<meta property=\"article:modified_time\" content=\"2026-03-31T01:44:10+00:00\" \/>\n<meta property=\"og:image\" content=\"https:\/\/www.drpen.cl\/wp-content\/uploads\/2025\/01\/Hydra-PenH5.jpg\" \/>\n\t<meta property=\"og:image:width\" content=\"1000\" \/>\n\t<meta property=\"og:image:height\" content=\"1000\" \/>\n\t<meta property=\"og:image:type\" content=\"image\/jpeg\" \/>\n<meta name=\"twitter:card\" content=\"summary_large_image\" \/>\n<meta name=\"twitter:label1\" content=\"Tiempo estimado de lectura\" \/>\n\t<meta name=\"twitter:data1\" content=\"2 minutos\" \/>\n<script type=\"application\/ld+json\" class=\"yoast-schema-graph\">{\"@context\":\"https:\\\/\\\/schema.org\",\"@graph\":[{\"@type\":\"WebPage\",\"@id\":\"https:\\\/\\\/www.drpen.cl\\\/index.php\\\/producto\\\/hydrapen-h5\\\/\",\"url\":\"https:\\\/\\\/www.drpen.cl\\\/index.php\\\/producto\\\/hydrapen-h5\\\/\",\"name\":\"Hydrapen H5 - Dr Pen Chile\",\"isPartOf\":{\"@id\":\"https:\\\/\\\/www.drpen.cl\\\/#website\"},\"primaryImageOfPage\":{\"@id\":\"https:\\\/\\\/www.drpen.cl\\\/index.php\\\/producto\\\/hydrapen-h5\\\/#primaryimage\"},\"image\":{\"@id\":\"https:\\\/\\\/www.drpen.cl\\\/index.php\\\/producto\\\/hydrapen-h5\\\/#primaryimage\"},\"thumbnailUrl\":\"https:\\\/\\\/www.drpen.cl\\\/wp-content\\\/uploads\\\/2025\\\/01\\\/Hydra-PenH5.jpg\",\"datePublished\":\"2025-01-28T18:03:11+00:00\",\"dateModified\":\"2026-03-31T01:44:10+00:00\",\"description\":\"HydraPen H5: Dispositivo de microagujas con EMS, flujo ajustable de activos y dise\u00f1o ergon\u00f3mico para mejorar la piel y tratar arrugas, cicatrices y m\u00e1s.\",\"breadcrumb\":{\"@id\":\"https:\\\/\\\/www.drpen.cl\\\/index.php\\\/producto\\\/hydrapen-h5\\\/#breadcrumb\"},\"inLanguage\":\"es-CL\",\"potentialAction\":[{\"@type\":\"ReadAction\",\"target\":[\"https:\\\/\\\/www.drpen.cl\\\/index.php\\\/producto\\\/hydrapen-h5\\\/\"]}]},{\"@type\":\"ImageObject\",\"inLanguage\":\"es-CL\",\"@id\":\"https:\\\/\\\/www.drpen.cl\\\/index.php\\\/producto\\\/hydrapen-h5\\\/#primaryimage\",\"url\":\"https:\\\/\\\/www.drpen.cl\\\/wp-content\\\/uploads\\\/2025\\\/01\\\/Hydra-PenH5.jpg\",\"contentUrl\":\"https:\\\/\\\/www.drpen.cl\\\/wp-content\\\/uploads\\\/2025\\\/01\\\/Hydra-PenH5.jpg\",\"width\":1000,\"height\":1000,\"caption\":\"Hydrapen H5\"},{\"@type\":\"BreadcrumbList\",\"@id\":\"https:\\\/\\\/www.drpen.cl\\\/index.php\\\/producto\\\/hydrapen-h5\\\/#breadcrumb\",\"itemListElement\":[{\"@type\":\"ListItem\",\"position\":1,\"name\":\"Portada\",\"item\":\"https:\\\/\\\/www.drpen.cl\\\/\"},{\"@type\":\"ListItem\",\"position\":2,\"name\":\"Tienda\",\"item\":\"https:\\\/\\\/www.drpen.cl\\\/index.php\\\/tienda\\\/\"},{\"@type\":\"ListItem\",\"position\":3,\"name\":\"Hydrapen H5\"}]},{\"@type\":\"WebSite\",\"@id\":\"https:\\\/\\\/www.drpen.cl\\\/#website\",\"url\":\"https:\\\/\\\/www.drpen.cl\\\/\",\"name\":\"Dr Pen Chile\",\"description\":\"Microneedle System\",\"potentialAction\":[{\"@type\":\"SearchAction\",\"target\":{\"@type\":\"EntryPoint\",\"urlTemplate\":\"https:\\\/\\\/www.drpen.cl\\\/?s={search_term_string}\"},\"query-input\":{\"@type\":\"PropertyValueSpecification\",\"valueRequired\":true,\"valueName\":\"search_term_string\"}}],\"inLanguage\":\"es-CL\"}]}<\/script>\n<!-- \/ Yoast SEO plugin. -->","yoast_head_json":{"title":"Hydrapen H5 - Dr Pen Chile","description":"HydraPen H5: Dispositivo de microagujas con EMS, flujo ajustable de activos y dise\u00f1o ergon\u00f3mico para mejorar la piel y tratar arrugas, cicatrices y m\u00e1s.","robots":{"index":"index","follow":"follow","max-snippet":"max-snippet:-1","max-image-preview":"max-image-preview:large","max-video-preview":"max-video-preview:-1"},"canonical":"https:\/\/www.drpen.cl\/index.php\/producto\/hydrapen-h5\/","og_locale":"es_ES","og_type":"article","og_title":"Hydrapen H5 - Dr Pen Chile","og_description":"HydraPen H5: Dispositivo de microagujas con EMS, flujo ajustable de activos y dise\u00f1o ergon\u00f3mico para mejorar la piel y tratar arrugas, cicatrices y m\u00e1s.","og_url":"https:\/\/www.drpen.cl\/index.php\/producto\/hydrapen-h5\/","og_site_name":"Dr Pen Chile","article_modified_time":"2026-03-31T01:44:10+00:00","og_image":[{"width":1000,"height":1000,"url":"https:\/\/www.drpen.cl\/wp-content\/uploads\/2025\/01\/Hydra-PenH5.jpg","type":"image\/jpeg"}],"twitter_card":"summary_large_image","twitter_misc":{"Tiempo estimado de lectura":"2 minutos"},"schema":{"@context":"https:\/\/schema.org","@graph":[{"@type":"WebPage","@id":"https:\/\/www.drpen.cl\/index.php\/producto\/hydrapen-h5\/","url":"https:\/\/www.drpen.cl\/index.php\/producto\/hydrapen-h5\/","name":"Hydrapen H5 - Dr Pen Chile","isPartOf":{"@id":"https:\/\/www.drpen.cl\/#website"},"primaryImageOfPage":{"@id":"https:\/\/www.drpen.cl\/index.php\/producto\/hydrapen-h5\/#primaryimage"},"image":{"@id":"https:\/\/www.drpen.cl\/index.php\/producto\/hydrapen-h5\/#primaryimage"},"thumbnailUrl":"https:\/\/www.drpen.cl\/wp-content\/uploads\/2025\/01\/Hydra-PenH5.jpg","datePublished":"2025-01-28T18:03:11+00:00","dateModified":"2026-03-31T01:44:10+00:00","description":"HydraPen H5: Dispositivo de microagujas con EMS, flujo ajustable de activos y dise\u00f1o ergon\u00f3mico para mejorar la piel y tratar arrugas, cicatrices y m\u00e1s.","breadcrumb":{"@id":"https:\/\/www.drpen.cl\/index.php\/producto\/hydrapen-h5\/#breadcrumb"},"inLanguage":"es-CL","potentialAction":[{"@type":"ReadAction","target":["https:\/\/www.drpen.cl\/index.php\/producto\/hydrapen-h5\/"]}]},{"@type":"ImageObject","inLanguage":"es-CL","@id":"https:\/\/www.drpen.cl\/index.php\/producto\/hydrapen-h5\/#primaryimage","url":"https:\/\/www.drpen.cl\/wp-content\/uploads\/2025\/01\/Hydra-PenH5.jpg","contentUrl":"https:\/\/www.drpen.cl\/wp-content\/uploads\/2025\/01\/Hydra-PenH5.jpg","width":1000,"height":1000,"caption":"Hydrapen H5"},{"@type":"BreadcrumbList","@id":"https:\/\/www.drpen.cl\/index.php\/producto\/hydrapen-h5\/#breadcrumb","itemListElement":[{"@type":"ListItem","position":1,"name":"Portada","item":"https:\/\/www.drpen.cl\/"},{"@type":"ListItem","position":2,"name":"Tienda","item":"https:\/\/www.drpen.cl\/index.php\/tienda\/"},{"@type":"ListItem","position":3,"name":"Hydrapen H5"}]},{"@type":"WebSite","@id":"https:\/\/www.drpen.cl\/#website","url":"https:\/\/www.drpen.cl\/","name":"Dr Pen Chile","description":"Microneedle System","potentialAction":[{"@type":"SearchAction","target":{"@type":"EntryPoint","urlTemplate":"https:\/\/www.drpen.cl\/?s={search_term_string}"},"query-input":{"@type":"PropertyValueSpecification","valueRequired":true,"valueName":"search_term_string"}}],"inLanguage":"es-CL"}]}},"_links":{"self":[{"href":"https:\/\/www.drpen.cl\/index.php\/wp-json\/wp\/v2\/product\/8914","targetHints":{"allow":["GET"]}}],"collection":[{"href":"https:\/\/www.drpen.cl\/index.php\/wp-json\/wp\/v2\/product"}],"about":[{"href":"https:\/\/www.drpen.cl\/index.php\/wp-json\/wp\/v2\/types\/product"}],"replies":[{"embeddable":true,"href":"https:\/\/www.drpen.cl\/index.php\/wp-json\/wp\/v2\/comments?post=8914"}],"wp:featuredmedia":[{"embeddable":true,"href":"https:\/\/www.drpen.cl\/index.php\/wp-json\/wp\/v2\/media\/8916"}],"wp:attachment":[{"href":"https:\/\/www.drpen.cl\/index.php\/wp-json\/wp\/v2\/media?parent=8914"}],"wp:term":[{"taxonomy":"product_brand","embeddable":true,"href":"https:\/\/www.drpen.cl\/index.php\/wp-json\/wp\/v2\/product_brand?post=8914"},{"taxonomy":"product_cat","embeddable":true,"href":"https:\/\/www.drpen.cl\/index.php\/wp-json\/wp\/v2\/product_cat?post=8914"},{"taxonomy":"product_tag","embeddable":true,"href":"https:\/\/www.drpen.cl\/index.php\/wp-json\/wp\/v2\/product_tag?post=8914"}],"curies":[{"name":"wp","href":"https:\/\/api.w.org\/{rel}","templated":true}]}}